{"id":1738,"date":"2020-11-24T16:55:30","date_gmt":"2020-11-24T16:55:30","guid":{"rendered":"https:\/\/marion-gruebel.de\/marion-odile\/?page_id=1738"},"modified":"2024-09-23T20:47:36","modified_gmt":"2024-09-23T18:47:36","slug":"online-angebote","status":"publish","type":"page","link":"https:\/\/marion-gruebel.de\/marion-odile\/online-angebote\/","title":{"rendered":"Online Angebote"},"content":{"rendered":"<p>[et_pb_section fb_built=&#8220;1&#8243; _builder_version=&#8220;4.16&#8243; custom_margin=&#8220;||||false|false&#8220; custom_padding=&#8220;0px|||||&#8220; global_colors_info=&#8220;{}&#8220;][et_pb_row _builder_version=&#8220;4.16&#8243; global_colors_info=&#8220;{}&#8220;][et_pb_column type=&#8220;4_4&#8243; _builder_version=&#8220;4.16&#8243; global_colors_info=&#8220;{}&#8220;][et_pb_text _builder_version=&#8220;4.16&#8243; header_font=&#8220;Alex Brush||||||||&#8220; header_font_size=&#8220;43px&#8220; header_3_font=&#8220;Lato||||||||&#8220; header_3_font_size=&#8220;17px&#8220; global_colors_info=&#8220;{}&#8220;]<\/p>\n<h1 style=\"text-align: center;\">Seelenbegleitung\u00a0<span style=\"font-size: 16px;\">\u00a0<\/span><\/h1>\n<h2 style=\"text-align: center;\"><span>\u201cIch freue mich Menschen in die Freude,\u00a0<\/span><\/h2>\n<h2 style=\"text-align: center;\"><span>die Leichtigkeit und in\u00a0<\/span><span>die Liebe<\/span><\/h2>\n<h2 style=\"text-align: center;\"><span>zu sich selbst\u00a0und dem Leben zu begleiten\u201d<\/span><\/h2>\n<p>[\/et_pb_text][\/et_pb_column][\/et_pb_row][et_pb_row _builder_version=&#8220;4.16&#8243; global_colors_info=&#8220;{}&#8220;][et_pb_column type=&#8220;4_4&#8243; _builder_version=&#8220;4.16&#8243; global_colors_info=&#8220;{}&#8220;][et_pb_divider color=&#8220;rgba(0,0,0,0.2)&#8220; _builder_version=&#8220;4.16&#8243; global_colors_info=&#8220;{}&#8220;][\/et_pb_divider][\/et_pb_column][\/et_pb_row][et_pb_row column_structure=&#8220;1_3,1_3,1_3&#8243; _builder_version=&#8220;4.16&#8243; _module_preset=&#8220;default&#8220; global_colors_info=&#8220;{}&#8220;][et_pb_column type=&#8220;1_3&#8243; _builder_version=&#8220;4.16&#8243; _module_preset=&#8220;default&#8220; border_width_all=&#8220;1px&#8220; border_color_all=&#8220;#a48623&#8243; box_shadow_style=&#8220;preset1&#8243; box_shadow_color=&#8220;#a48623&#8243; global_colors_info=&#8220;{}&#8220;][et_pb_image src=&#8220;https:\/\/marion-gruebel.de\/wp-content\/uploads\/2020\/11\/Seelenimpulse.png&#8220; alt=&#8220;Seelenimpulse Pers\u00f6nliches Coaching&#8220; title_text=&#8220;Seelenimpulse&#8220; _builder_version=&#8220;4.16&#8243; _module_preset=&#8220;default&#8220; global_colors_info=&#8220;{}&#8220;][\/et_pb_image][et_pb_text _builder_version=&#8220;4.16&#8243; header_font_size=&#8220;50px&#8220; header_2_font=&#8220;Lato|300||on|||||&#8220; header_2_text_align=&#8220;center&#8220; header_2_font_size=&#8220;17px&#8220; header_3_text_align=&#8220;right&#8220; header_3_font_size=&#8220;38px&#8220; header_4_font=&#8220;Rosario|300|||||||&#8220; header_4_text_align=&#8220;right&#8220; header_4_text_color=&#8220;#a48623&#8243; header_4_font_size=&#8220;13px&#8220; header_5_font=&#8220;Rosario||||||||&#8220; header_5_text_color=&#8220;#a48623&#8243; custom_padding=&#8220;|31px||29px||&#8220; global_colors_info=&#8220;{}&#8220;]<\/p>\n<h1 style=\"text-align: center;\">Seelenimpulse<\/h1>\n<h2>F\u00fcr Deinen Weg<\/h2>\n<p>Herausforderungen, Lebenskrisen und Beziehungsprobleme meistern. Gewinne auf Deinem pers\u00f6nlichen Weg Klarheit, wie Du Dein Leben in Einklang mit Deinen Potenzialen leben kannst.<\/p>\n<ul>\n<li>Aktuelles Thema besprechen<\/li>\n<li>Impulse zur Neugestaltung Deines Lebens<\/li>\n<li>Aufgaben zur Integration in Deinen Alltag<\/li>\n<li>60 Minuten telefonische Begleitung<\/li>\n<\/ul>\n<h3>100,00 \u20ac<\/h3>\n<h4>inkl. Mehrwertsteuer<\/h4>\n<p>&nbsp;<\/p>\n<p>[\/et_pb_text][et_pb_button button_url=&#8220;mailto:mg@marion-gruebel.de&#8220; url_new_window=&#8220;on&#8220; button_text=&#8220;Termin vereinbaren&#8220; button_alignment=&#8220;center&#8220; _builder_version=&#8220;4.27.0&#8243; custom_button=&#8220;on&#8220; button_text_size=&#8220;15px&#8220; button_text_color=&#8220;#ffffff&#8220; button_bg_color=&#8220;#a48623&#8243; button_border_width=&#8220;5px&#8220; button_border_color=&#8220;#a48623&#8243; button_border_radius=&#8220;0px&#8220; button_font=&#8220;Lato|||on|||||&#8220; custom_margin=&#8220;||25px|||&#8220; custom_padding=&#8220;||0px|||&#8220; hover_enabled=&#8220;0&#8243; locked=&#8220;off&#8220; global_colors_info=&#8220;{}&#8220; sticky_enabled=&#8220;0&#8243;][\/et_pb_button][\/et_pb_column][et_pb_column type=&#8220;1_3&#8243; _builder_version=&#8220;4.16&#8243; _module_preset=&#8220;default&#8220; border_width_all=&#8220;1px&#8220; border_color_all=&#8220;#a48623&#8243; box_shadow_style=&#8220;preset1&#8243; box_shadow_color=&#8220;#a48623&#8243; global_colors_info=&#8220;{}&#8220;][et_pb_image src=&#8220;https:\/\/marion-gruebel.de\/wp-content\/uploads\/2020\/11\/Numerologie.png&#8220; alt=&#8220;Numerologie Potenzial sehen&#8220; title_text=&#8220;Numerologie&#8220; _builder_version=&#8220;4.16&#8243; _module_preset=&#8220;default&#8220; global_colors_info=&#8220;{}&#8220;][\/et_pb_image][et_pb_text _builder_version=&#8220;4.16&#8243; header_font_size=&#8220;50px&#8220; header_2_font=&#8220;Lato|300||on|||||&#8220; header_2_text_align=&#8220;center&#8220; header_2_font_size=&#8220;17px&#8220; header_3_text_align=&#8220;right&#8220; header_3_font_size=&#8220;38px&#8220; header_4_font=&#8220;Rosario|300|||||||&#8220; header_4_text_align=&#8220;right&#8220; header_4_text_color=&#8220;#a48623&#8243; header_4_font_size=&#8220;13px&#8220; header_5_font=&#8220;Rosario||||||||&#8220; header_5_text_color=&#8220;#a48623&#8243; custom_padding=&#8220;|30px||30px||&#8220; global_colors_info=&#8220;{}&#8220;]<\/p>\n<h1 style=\"text-align: center;\">Numerologie<span style=\"font-size: 16px;\">\u00a0<\/span><\/h1>\n<h2><span style=\"font-size: 16px;\">Dein Potenzial sehen<\/span><\/h2>\n<p><span style=\"font-size: 16px;\">Lerne Deine Potenziale, Bed\u00fcrfnisse, Seelenimpulse und Lebensaufgaben anhand Deines Geburtsdatum und Deiner Lebenszahl kennen. Dadurch kannst Du leichter Deine wahre Essenz leben.<\/span><\/p>\n<ul>\n<li>Geburtsdatum analysieren<\/li>\n<li>Lebenszahl berechnen<\/li>\n<li>Anwendung auf Deine aktuelle Lebenssituation<\/li>\n<li>Lebensaufgabe aufzeigen<\/li>\n<li>Schriftliche Auswertung Deiner Lebenszahl<\/li>\n<li>Zeit f\u00fcr Fragen<\/li>\n<li>60 Minuten telefonische Begleitung<\/li>\n<\/ul>\n<h3>150,00 \u20ac<\/h3>\n<h4>inkl. Mehrwertsteuer<\/h4>\n<p>[\/et_pb_text][et_pb_button button_url=&#8220;mailto:mg@marion-gruebel.de&#8220; url_new_window=&#8220;on&#8220; button_text=&#8220;Termin vereinbaren&#8220; button_alignment=&#8220;center&#8220; _builder_version=&#8220;4.27.0&#8243; custom_button=&#8220;on&#8220; button_text_size=&#8220;15px&#8220; button_text_color=&#8220;#ffffff&#8220; button_bg_color=&#8220;#a48623&#8243; button_border_width=&#8220;5px&#8220; button_border_color=&#8220;#a48623&#8243; button_border_radius=&#8220;0px&#8220; button_font=&#8220;Lato|||on|||||&#8220; custom_margin=&#8220;||25px|||&#8220; custom_padding=&#8220;||0px|||&#8220; hover_enabled=&#8220;0&#8243; locked=&#8220;off&#8220; global_colors_info=&#8220;{}&#8220; sticky_enabled=&#8220;0&#8243;][\/et_pb_button][\/et_pb_column][et_pb_column type=&#8220;1_3&#8243; _builder_version=&#8220;4.16&#8243; _module_preset=&#8220;default&#8220; border_width_all=&#8220;1px&#8220; border_color_all=&#8220;#a48623&#8243; box_shadow_style=&#8220;preset1&#8243; box_shadow_color=&#8220;#a48623&#8243; global_colors_info=&#8220;{}&#8220;][et_pb_image src=&#8220;https:\/\/marion-gruebel.de\/wp-content\/uploads\/2020\/11\/Seelenbegleiter-Ausbildung.png&#8220; alt=&#8220;Seelenbegleiter Ausbildung&#8220; title_text=&#8220;Seelenbegleiter Ausbildung&#8220; _builder_version=&#8220;4.16&#8243; _module_preset=&#8220;default&#8220; global_colors_info=&#8220;{}&#8220;][\/et_pb_image][et_pb_text _builder_version=&#8220;4.16&#8243; header_font_size=&#8220;50px&#8220; header_2_font=&#8220;Lato|300||on|||||&#8220; header_2_text_align=&#8220;center&#8220; header_2_font_size=&#8220;17px&#8220; header_3_text_align=&#8220;right&#8220; header_3_font_size=&#8220;38px&#8220; header_4_font=&#8220;Rosario|300|||||||&#8220; header_4_text_align=&#8220;right&#8220; header_4_text_color=&#8220;#a48623&#8243; header_4_font_size=&#8220;13px&#8220; header_5_font=&#8220;Rosario||||||||&#8220; header_5_text_color=&#8220;#a48623&#8243; custom_padding=&#8220;|31px||31px||&#8220; global_colors_info=&#8220;{}&#8220;]<\/p>\n<h1 style=\"text-align: center;\">Seelenbegleiter<\/h1>\n<h2>Ausbildung<\/h2>\n<p><span>Diese Ausbildung richtet sich an alle Menschen, die ein gro\u00dfes Interesse an Ihrer pers\u00f6nlichen Entwicklung haben und zu einem bewussten, gl\u00fccklichen und erfolgreichem HERZ-Menschen heran reifen m\u00f6chten und absolute Lust und Freude daran haben dies alles in Ihr Leben zu integrieren. Menschen, die mutig sind und Verantwortung f\u00fcr Ihr Leben \u00fcbernehmen wollen und die Ihr Herz mit dem Verstand verbinden wollen. Menschen, die sich einlassen und bereit sind aus der tiefsten Tiefe Sch\u00e4tze zu bergen.<\/span><\/p>\n<p>[\/et_pb_text][et_pb_button button_url=&#8220;mailto:mg@marion-gruebel.de&#8220; url_new_window=&#8220;on&#8220; button_text=&#8220;Ich m\u00f6chte mehr Infos&#8220; button_alignment=&#8220;center&#8220; _builder_version=&#8220;4.27.0&#8243; custom_button=&#8220;on&#8220; button_text_size=&#8220;15px&#8220; button_text_color=&#8220;#ffffff&#8220; button_bg_color=&#8220;#a48623&#8243; button_border_width=&#8220;5px&#8220; button_border_color=&#8220;#a48623&#8243; button_border_radius=&#8220;0px&#8220; button_font=&#8220;Lato|||on|||||&#8220; custom_margin=&#8220;||25px|||&#8220; custom_padding=&#8220;||0px|||&#8220; hover_enabled=&#8220;0&#8243; locked=&#8220;off&#8220; global_colors_info=&#8220;{}&#8220; sticky_enabled=&#8220;0&#8243;][\/et_pb_button][\/et_pb_column][\/et_pb_row][et_pb_row _builder_version=&#8220;4.16&#8243; _module_preset=&#8220;default&#8220; global_colors_info=&#8220;{}&#8220;][et_pb_column type=&#8220;4_4&#8243; _builder_version=&#8220;4.16&#8243; _module_preset=&#8220;default&#8220; global_colors_info=&#8220;{}&#8220;][\/et_pb_column][\/et_pb_row][et_pb_row _builder_version=&#8220;4.16&#8243; global_colors_info=&#8220;{}&#8220;][et_pb_column type=&#8220;4_4&#8243; _builder_version=&#8220;4.16&#8243; global_colors_info=&#8220;{}&#8220;][et_pb_divider color=&#8220;rgba(0,0,0,0.2)&#8220; _builder_version=&#8220;4.16&#8243; global_colors_info=&#8220;{}&#8220;][\/et_pb_divider][\/et_pb_column][\/et_pb_row][et_pb_row _builder_version=&#8220;4.16&#8243; _module_preset=&#8220;default&#8220; global_colors_info=&#8220;{}&#8220;][et_pb_column type=&#8220;4_4&#8243; _builder_version=&#8220;4.16&#8243; _module_preset=&#8220;default&#8220; global_colors_info=&#8220;{}&#8220;][et_pb_text _builder_version=&#8220;4.16&#8243; _module_preset=&#8220;default&#8220; header_font_size=&#8220;42px&#8220; global_colors_info=&#8220;{}&#8220;]<\/p>\n<h1 style=\"text-align: center;\">Hast Du noch Fragen zu der Begleitung?<\/h1>\n<p>[\/et_pb_text][et_pb_accordion _builder_version=&#8220;4.16&#8243; _module_preset=&#8220;default&#8220; border_color_all=&#8220;rgba(0,0,0,0.1)&#8220; global_colors_info=&#8220;{}&#8220;][et_pb_accordion_item title=&#8220;Was ist Numerologie?&#8220; open_toggle_text_color=&#8220;#a48623&#8243; open_toggle_background_color=&#8220;#ffffff&#8220; closed_toggle_text_color=&#8220;#a48623&#8243; closed_toggle_background_color=&#8220;#ffffff&#8220; icon_color=&#8220;#a48623&#8243; use_icon_font_size=&#8220;on&#8220; icon_font_size=&#8220;35px&#8220; _builder_version=&#8220;4.16&#8243; _module_preset=&#8220;default&#8220; text_orientation=&#8220;center&#8220; global_colors_info=&#8220;{}&#8220; toggle_text_color=&#8220;#a48623&#8243; toggle_text_align=&#8220;center&#8220; toggle_font_size=&#8220;29px&#8220; open=&#8220;on&#8220;]<\/p>\n<p>Your content goes here. Edit or remove this text inline or in the module Content settings. You can also style every aspect of this content in the module Design settings and even apply custom CSS to this text in the module Advanced settings.<\/p>\n<p>[\/et_pb_accordion_item][et_pb_accordion_item title=&#8220;Wann ist eine Begleitung sinnvoll?&#8220; open=&#8220;off&#8220; open_toggle_text_color=&#8220;#a48623&#8243; open_toggle_background_color=&#8220;#ffffff&#8220; closed_toggle_text_color=&#8220;#a48623&#8243; closed_toggle_background_color=&#8220;#ffffff&#8220; icon_color=&#8220;#a48623&#8243; use_icon_font_size=&#8220;on&#8220; icon_font_size=&#8220;35px&#8220; _builder_version=&#8220;4.16&#8243; _module_preset=&#8220;default&#8220; text_orientation=&#8220;center&#8220; global_colors_info=&#8220;{}&#8220; toggle_text_color=&#8220;#a48623&#8243; toggle_text_align=&#8220;center&#8220; toggle_font_size=&#8220;29px&#8220;]<\/p>\n<p>Your content goes here. Edit or remove this text inline or in the module Content settings. You can also style every aspect of this content in the module Design settings and even apply custom CSS to this text in the module Advanced settings.<\/p>\n<p>[\/et_pb_accordion_item][et_pb_accordion_item title=&#8220;F\u00fcr wen ist ein Seelenimpuls geeignet?&#8220; open_toggle_text_color=&#8220;#a48623&#8243; open_toggle_background_color=&#8220;#ffffff&#8220; closed_toggle_text_color=&#8220;#a48623&#8243; closed_toggle_background_color=&#8220;#ffffff&#8220; icon_color=&#8220;#a48623&#8243; use_icon_font_size=&#8220;on&#8220; icon_font_size=&#8220;35px&#8220; _builder_version=&#8220;4.16&#8243; _module_preset=&#8220;default&#8220; text_orientation=&#8220;center&#8220; global_colors_info=&#8220;{}&#8220; toggle_text_color=&#8220;#a48623&#8243; toggle_text_align=&#8220;center&#8220; toggle_font_size=&#8220;29px&#8220; open=&#8220;off&#8220;]<\/p>\n<p>Your content goes here. Edit or remove this text inline or in the module Content settings. You can also style every aspect of this content in the module Design settings and even apply custom CSS to this text in the module Advanced settings.<\/p>\n<p>[\/et_pb_accordion_item][et_pb_accordion_item title=&#8220;F\u00fcr wen ist eine numerologische Beratung geeignet?&#8220; open_toggle_text_color=&#8220;#a48623&#8243; open_toggle_background_color=&#8220;#ffffff&#8220; closed_toggle_text_color=&#8220;#a48623&#8243; closed_toggle_background_color=&#8220;#ffffff&#8220; icon_color=&#8220;#a48623&#8243; use_icon_font_size=&#8220;on&#8220; icon_font_size=&#8220;35px&#8220; _builder_version=&#8220;4.16&#8243; _module_preset=&#8220;default&#8220; text_orientation=&#8220;center&#8220; global_colors_info=&#8220;{}&#8220; toggle_text_color=&#8220;#a48623&#8243; toggle_text_align=&#8220;center&#8220; toggle_font_size=&#8220;29px&#8220; open=&#8220;off&#8220;]<\/p>\n<p>Your content goes here. Edit or remove this text inline or in the module Content settings. You can also style every aspect of this content in the module Design settings and even apply custom CSS to this text in the module Advanced settings.<\/p>\n<p>[\/et_pb_accordion_item][et_pb_accordion_item title=&#8220;F\u00fcr wen ist die Seelenbegleiter Ausbildung geeignet?&#8220; open_toggle_text_color=&#8220;#a48623&#8243; open_toggle_background_color=&#8220;#ffffff&#8220; closed_toggle_text_color=&#8220;#a48623&#8243; closed_toggle_background_color=&#8220;#ffffff&#8220; icon_color=&#8220;#a48623&#8243; use_icon_font_size=&#8220;on&#8220; icon_font_size=&#8220;35px&#8220; _builder_version=&#8220;4.16&#8243; _module_preset=&#8220;default&#8220; text_orientation=&#8220;center&#8220; global_colors_info=&#8220;{}&#8220; toggle_text_color=&#8220;#a48623&#8243; toggle_text_align=&#8220;center&#8220; toggle_font_size=&#8220;29px&#8220; open=&#8220;off&#8220;]<\/p>\n<p>Your content goes here. Edit or remove this text inline or in the module Content settings. You can also style every aspect of this content in the module Design settings and even apply custom CSS to this text in the module Advanced settings.<\/p>\n<p>[\/et_pb_accordion_item][\/et_pb_accordion][\/et_pb_column][\/et_pb_row][et_pb_row _builder_version=&#8220;4.16&#8243; global_colors_info=&#8220;{}&#8220;][et_pb_column type=&#8220;4_4&#8243; _builder_version=&#8220;4.16&#8243; global_colors_info=&#8220;{}&#8220;][et_pb_divider color=&#8220;rgba(0,0,0,0.2)&#8220; _builder_version=&#8220;4.16&#8243; global_colors_info=&#8220;{}&#8220;][\/et_pb_divider][\/et_pb_column][\/et_pb_row][et_pb_row column_structure=&#8220;1_3,1_3,1_3&#8243; _builder_version=&#8220;4.16&#8243; locked=&#8220;off&#8220; global_colors_info=&#8220;{}&#8220;][et_pb_column type=&#8220;1_3&#8243; _builder_version=&#8220;4.16&#8243; global_colors_info=&#8220;{}&#8220;][et_pb_text _builder_version=&#8220;4.16&#8243; header_font_size=&#8220;37px&#8220; header_2_font=&#8220;Rosario||||||||&#8220; header_2_text_align=&#8220;center&#8220; header_2_text_color=&#8220;#803729&#8243; header_2_font_size=&#8220;18px&#8220; global_colors_info=&#8220;{}&#8220;]<\/p>\n<h1 style=\"text-align: center;\">Meine Facebook-Gruppe<\/h1>\n<h2><span>Achtsames Beisammensein in gegenseitiger Wertsch\u00e4tzung.<\/span><\/h2>\n<p>[\/et_pb_text][et_pb_image src=&#8220;https:\/\/marion-gruebel.de\/wp-content\/uploads\/2020\/11\/Facebook-Gruppe.png&#8220; alt=&#8220;Facebook Gruppe Marion und Vanessa&#8220; title_text=&#8220;Facebook Gruppe&#8220; url=&#8220;https:\/\/www.facebook.com\/groups\/entdeckedieverborgeneschoenheit&#8220; url_new_window=&#8220;on&#8220; _builder_version=&#8220;4.16&#8243; custom_margin=&#8220;23px|||||&#8220; global_colors_info=&#8220;{}&#8220;][\/et_pb_image][et_pb_button button_url=&#8220;https:\/\/www.facebook.com\/groups\/entdeckedieverborgeneschoenheit&#8220; url_new_window=&#8220;on&#8220; button_text=&#8220;Ich m\u00f6chte Teil der Gruppe sein&#8220; button_alignment=&#8220;center&#8220; _builder_version=&#8220;4.16&#8243; custom_button=&#8220;on&#8220; button_text_size=&#8220;15px&#8220; button_text_color=&#8220;#ffffff&#8220; button_bg_color=&#8220;#a48623&#8243; button_border_width=&#8220;5px&#8220; button_border_color=&#8220;#a48623&#8243; button_border_radius=&#8220;0px&#8220; button_font=&#8220;Lato|||on|||||&#8220; global_colors_info=&#8220;{}&#8220;][\/et_pb_button][\/et_pb_column][et_pb_column type=&#8220;1_3&#8243; _builder_version=&#8220;4.16&#8243; global_colors_info=&#8220;{}&#8220;][et_pb_text _builder_version=&#8220;4.16&#8243; header_font_size=&#8220;37px&#8220; header_2_font=&#8220;Rosario||||||||&#8220; header_2_text_align=&#8220;center&#8220; header_2_text_color=&#8220;#803729&#8243; header_2_font_size=&#8220;18px&#8220; global_colors_info=&#8220;{}&#8220;]<\/p>\n<h1 class=\"p1\" style=\"text-align: center;\">Buch mit Kartenset<\/h1>\n<h2 class=\"p1\">Ich m\u00f6chte die Trauer aus der Tabuecke herausheben \u2013 sie ins Leben heben.<\/h2>\n<p>[\/et_pb_text][et_pb_image src=&#8220;https:\/\/marion-gruebel.de\/wp-content\/uploads\/2020\/11\/Buch-.png&#8220; alt=&#8220;Buch mit Kartenset Verborgene Sch\u00f6nheit&#8220; title_text=&#8220;Buch&#8220; url=&#8220;https:\/\/buchmitkartenset.verborgeneschoenheit.de\/&#8220; _builder_version=&#8220;4.16&#8243; max_width=&#8220;100%&#8220; module_alignment=&#8220;center&#8220; global_colors_info=&#8220;{}&#8220;][\/et_pb_image][et_pb_button button_url=&#8220;https:\/\/buchmitkartenset.verborgeneschoenheit.de\/&#8220; url_new_window=&#8220;on&#8220; button_text=&#8220;Zu meinem Buch&#8220; button_alignment=&#8220;center&#8220; _builder_version=&#8220;4.16&#8243; custom_button=&#8220;on&#8220; button_text_size=&#8220;15px&#8220; button_text_color=&#8220;#ffffff&#8220; button_bg_color=&#8220;#a48623&#8243; button_border_width=&#8220;5px&#8220; button_border_color=&#8220;#a48623&#8243; button_border_radius=&#8220;0px&#8220; button_font=&#8220;Lato|||on|||||&#8220; global_colors_info=&#8220;{}&#8220;][\/et_pb_button][\/et_pb_column][et_pb_column type=&#8220;1_3&#8243; _builder_version=&#8220;4.16&#8243; global_colors_info=&#8220;{}&#8220;][et_pb_text _builder_version=&#8220;4.16&#8243; header_font_size=&#8220;37px&#8220; header_2_font=&#8220;Rosario||||||||&#8220; header_2_text_align=&#8220;center&#8220; header_2_text_color=&#8220;#803729&#8243; header_2_font_size=&#8220;18px&#8220; custom_margin=&#8220;||50px|||&#8220; global_colors_info=&#8220;{}&#8220;]<\/p>\n<h1 style=\"text-align: center;\">Podcast<\/h1>\n<h2>Entdecke die &#8222;Verborgene Sch\u00f6nheit&#8220;<\/h2>\n<p>[\/et_pb_text][et_pb_image src=&#8220;https:\/\/marion-gruebel.de\/wp-content\/uploads\/2020\/11\/Podcast-1.png&#8220; alt=&#8220;Podcast Der Weg des Herzens mit Marion und Vanessa&#8220; title_text=&#8220;Podcast&#8220; url=&#8220;https:\/\/anchor.fm\/derwegdesherzens&#8220; _builder_version=&#8220;4.16&#8243; max_width=&#8220;100%&#8220; module_alignment=&#8220;center&#8220; global_colors_info=&#8220;{}&#8220;][\/et_pb_image][et_pb_button button_url=&#8220;https:\/\/anchor.fm\/derwegdesherzens&#8220; url_new_window=&#8220;on&#8220; button_text=&#8220;Zu meinem Podcast&#8220; button_alignment=&#8220;center&#8220; _builder_version=&#8220;4.16&#8243; custom_button=&#8220;on&#8220; button_text_size=&#8220;15px&#8220; button_text_color=&#8220;#ffffff&#8220; button_bg_color=&#8220;#a48623&#8243; button_border_width=&#8220;5px&#8220; button_border_color=&#8220;#a48623&#8243; button_border_radius=&#8220;0px&#8220; button_font=&#8220;Lato|||on|||||&#8220; global_colors_info=&#8220;{}&#8220;][\/et_pb_button][\/et_pb_column][\/et_pb_row][\/et_pb_section][et_pb_section fb_built=&#8220;1&#8243; _builder_version=&#8220;4.16&#8243; background_color=&#8220;#bf509d&#8220; background_image=&#8220;https:\/\/marion-gruebel.de\/wp-content\/uploads\/2020\/11\/Leere-Banner.png&#8220; parallax=&#8220;on&#8220; custom_padding=&#8220;0px||1px|||&#8220; locked=&#8220;off&#8220; global_colors_info=&#8220;{}&#8220;][et_pb_row _builder_version=&#8220;4.16&#8243; locked=&#8220;off&#8220; global_colors_info=&#8220;{}&#8220;][et_pb_column type=&#8220;4_4&#8243; _builder_version=&#8220;4.16&#8243; global_colors_info=&#8220;{}&#8220;][et_pb_text _builder_version=&#8220;4.16&#8243; text_text_color=&#8220;#ffffff&#8220; text_font_size=&#8220;19px&#8220; header_text_color=&#8220;#ffffff&#8220; header_font_size=&#8220;50px&#8220; header_2_font_size=&#8220;36px&#8220; header_3_font=&#8220;Rosario||||||||&#8220; header_3_text_color=&#8220;#ffffff&#8220; header_3_font_size=&#8220;19px&#8220; header_3_line_height=&#8220;1.4em&#8220; text_orientation=&#8220;center&#8220; locked=&#8220;off&#8220; global_colors_info=&#8220;{}&#8220;]<\/p>\n<h1>Rundbrief &#8222;Der Weg des Herzens&#8220;<\/h1>\n<p style=\"text-align: center;\"><span><\/span><\/p>\n<p>[\/et_pb_text][et_pb_signup mailchimp_list=&#8220;d1496e51e5&#8243; name_field=&#8220;on&#8220; title=&#8220;Melde Dich zum Rundbrief an!&#8220; button_text=&#8220;Jetzt Anmelden&#8220; description=&#8220;<\/p>\n<p class=%22p1%22><b>Der Weg des Herzens<\/b><\/p>\n<p class=%22p1%22>Einmal im Monat versende ich einen Rundbrief mit einem Text zu <strong>aktuellen Zeitenergie, Inspirationen, meinen Neuen Terminen. <\/strong><\/p>\n<p class=%22p1%22>Ich freue mich wenn du dich zu meinem Rundbrief anmeldest!<\/p>\n<h3 class=%22p1%22><\/h3>\n<h3 class=%22p1%22>Deine Marion Odile<\/h3>\n<p>&#8220; use_spam_service=&#8220;on&#8220; recaptcha_list=&#8220;Default-0&#8243; _builder_version=&#8220;4.16&#8243; form_field_background_color=&#8220;rgba(255,255,255,0.78)&#8220; form_field_text_color=&#8220;#000000&#8243; form_field_font=&#8220;Rosario||||||||&#8220; form_field_font_size=&#8220;13px&#8220; background_color=&#8220;rgba(191,80,157,0.5)&#8220; custom_button=&#8220;on&#8220; button_text_color=&#8220;#bf509d&#8220; button_bg_color=&#8220;#ffffff&#8220; button_border_color=&#8220;#bf509d&#8220; button_font=&#8220;|||on|||||&#8220; button_icon=&#8220;&#x39;||divi||400&#8243; custom_margin=&#8220;0px||||false|false&#8220; custom_padding=&#8220;42px|42px|42px|42px|false|false&#8220; border_radii_fields=&#8220;on|0px|0px|0px|0px&#8220; border_width_all_fields=&#8220;1px&#8220; border_color_all_fields=&#8220;#803729&#8243; global_colors_info=&#8220;{}&#8220;][\/et_pb_signup][\/et_pb_column][\/et_pb_row][\/et_pb_section]<\/p>\n<span class=\"et_bloom_bottom_trigger\"><\/span>","protected":false},"excerpt":{"rendered":"<p>Seelenbegleitung\u00a0\u00a0 \u201cIch freue mich Menschen in die Freude,\u00a0 die Leichtigkeit und in\u00a0die Liebe zu sich selbst\u00a0und dem Leben zu begleiten\u201dSeelenimpulse F\u00fcr Deinen Weg Herausforderungen, Lebenskrisen und Beziehungsprobleme meistern. Gewinne auf Deinem pers\u00f6nlichen Weg Klarheit, wie Du Dein Leben in Einklang mit Deinen Potenzialen leben kannst. Aktuelles Thema besprechen Impulse zur Neugestaltung Deines Lebens Aufgaben zur [&hellip;]<\/p>\n","protected":false},"author":1,"featured_media":0,"parent":0,"menu_order":0,"comment_status":"closed","ping_status":"closed","template":"","meta":{"_et_pb_use_builder":"on","_et_pb_old_content":"","_et_gb_content_width":"","footnotes":""},"class_list":["post-1738","page","type-page","status-publish","hentry"],"_links":{"self":[{"href":"https:\/\/marion-gruebel.de\/marion-odile\/wp-json\/wp\/v2\/pages\/1738","targetHints":{"allow":["GET"]}}],"collection":[{"href":"https:\/\/marion-gruebel.de\/marion-odile\/wp-json\/wp\/v2\/pages"}],"about":[{"href":"https:\/\/marion-gruebel.de\/marion-odile\/wp-json\/wp\/v2\/types\/page"}],"author":[{"embeddable":true,"href":"https:\/\/marion-gruebel.de\/marion-odile\/wp-json\/wp\/v2\/users\/1"}],"replies":[{"embeddable":true,"href":"https:\/\/marion-gruebel.de\/marion-odile\/wp-json\/wp\/v2\/comments?post=1738"}],"version-history":[{"count":14,"href":"https:\/\/marion-gruebel.de\/marion-odile\/wp-json\/wp\/v2\/pages\/1738\/revisions"}],"predecessor-version":[{"id":2304,"href":"https:\/\/marion-gruebel.de\/marion-odile\/wp-json\/wp\/v2\/pages\/1738\/revisions\/2304"}],"wp:attachment":[{"href":"https:\/\/marion-gruebel.de\/marion-odile\/wp-json\/wp\/v2\/media?parent=1738"}],"curies":[{"name":"wp","href":"https:\/\/api.w.org\/{rel}","templated":true}]}}