{"id":184,"date":"2017-07-14T14:09:29","date_gmt":"2017-07-14T14:09:29","guid":{"rendered":"http:\/\/marion-gruebel.de\/?page_id=184"},"modified":"2020-10-16T10:29:23","modified_gmt":"2020-10-16T10:29:23","slug":"methoden","status":"publish","type":"page","link":"https:\/\/marion-gruebel.de\/marion-odile\/methoden\/","title":{"rendered":"Methoden"},"content":{"rendered":"<p>[et_pb_section fb_built=&#8220;1&#8243; _builder_version=&#8220;4.3.4&#8243; custom_margin=&#8220;-30px||||false|false&#8220; custom_padding=&#8220;0px||1px|||&#8220;][et_pb_row _builder_version=&#8220;4.3.4&#8243;][et_pb_column type=&#8220;4_4&#8243; _builder_version=&#8220;4.3.4&#8243;][et_pb_image src=&#8220;https:\/\/marion-gruebel.de\/wp-content\/uploads\/2017\/07\/KS_2-Kopie.jpg&#8220; _builder_version=&#8220;4.3.4&#8243; custom_margin=&#8220;-1px|||||&#8220;][\/et_pb_image][\/et_pb_column][\/et_pb_row][et_pb_row _builder_version=&#8220;4.3.4&#8243; locked=&#8220;off&#8220;][et_pb_column type=&#8220;4_4&#8243; _builder_version=&#8220;4.3.4&#8243;][et_pb_text _builder_version=&#8220;4.6.5&#8243; header_font=&#8220;Alex Brush||||||||&#8220; header_font_size=&#8220;50px&#8220; header_3_font=&#8220;Lato||||||||&#8220; header_3_font_size=&#8220;17px&#8220; hover_enabled=&#8220;0&#8243; header_2_font=&#8220;Rosario||||||||&#8220; header_2_font_size=&#8220;20px&#8220; sticky_enabled=&#8220;0&#8243;]<\/p>\n<h1 style=\"text-align: center;\"><span>Die Methoden auf die meine Arbeit aufbaut<\/span><\/h1>\n<h2 style=\"text-align: center;\"><span>\u00a0&#8222;Ich freue mich Menschen in die Freude,\u00a0<\/span><\/h2>\n<h2 style=\"text-align: center;\"><span>die Leichtigkeit und in <\/span><span>die Liebe<\/span><\/h2>\n<h2 style=\"text-align: center;\"><span>zu sich selbst\u00a0und dem Leben zu begleiten&#8220;<\/span><\/h2>\n<h2 style=\"text-align: center;\"><span><\/span><\/h2>\n<p><span><\/span><\/p>\n<p>[\/et_pb_text][et_pb_divider color=&#8220;rgba(0,0,0,0.2)&#8220; _builder_version=&#8220;4.3.4&#8243;][\/et_pb_divider][\/et_pb_column][\/et_pb_row][et_pb_row _builder_version=&#8220;4.3.4&#8243;][et_pb_column type=&#8220;4_4&#8243; _builder_version=&#8220;4.3.4&#8243;][et_pb_text _builder_version=&#8220;4.6.5&#8243; _module_preset=&#8220;default&#8220; hover_enabled=&#8220;0&#8243; sticky_enabled=&#8220;0&#8243;]<\/p>\n<p>\u00dcber die Jahre habe ich viele verschiedene Ausbildungen im Bereich Spiritualit\u00e4t und Pers\u00f6nlichkeitsentwicklung gemacht. Ich liebe es neues zu lernen und mich pers\u00f6nlich weiterzuentwickeln. Hier m\u00f6chte ich Dir eine \u00dcbersicht geben, mit welchen Methoden ich mich besonders intensiv besch\u00e4ftigt habe. In meiner Arbeit greife ich sehr intuitiv auf die erlernten Methoden zur\u00fcck. Jedoch lasse ich meine eigenen Erfahrungen und Erkenntnisse ebenso mit einflie\u00dfen.<\/p>\n<p>[\/et_pb_text][\/et_pb_column][\/et_pb_row][et_pb_row column_structure=&#8220;1_4,1_4,1_4,1_4&#8243; _builder_version=&#8220;4.3.4&#8243;][et_pb_column type=&#8220;1_4&#8243; _builder_version=&#8220;4.3.4&#8243;][et_pb_text _builder_version=&#8220;4.3.4&#8243; header_font=&#8220;Rosario||||||||&#8220; header_font_size=&#8220;21px&#8220;]<\/p>\n<h1 style=\"text-align: center;\">Huna<\/h1>\n<p>[\/et_pb_text][\/et_pb_column][et_pb_column type=&#8220;1_4&#8243; _builder_version=&#8220;4.3.4&#8243;][et_pb_text _builder_version=&#8220;4.3.4&#8243; text_text_color=&#8220;#a48623&#8243; header_font=&#8220;Rosario||||||||&#8220; header_font_size=&#8220;21px&#8220; text_orientation=&#8220;center&#8220;]<\/p>\n<h1 style=\"text-align: center;\">The Work\u00a0<\/h1>\n<p>Byron Katie<\/p>\n<p>[\/et_pb_text][\/et_pb_column][et_pb_column type=&#8220;1_4&#8243; _builder_version=&#8220;4.3.4&#8243;][et_pb_text _builder_version=&#8220;4.3.4&#8243; text_text_color=&#8220;#a48623&#8243; header_font=&#8220;Rosario||||||||&#8220; header_font_size=&#8220;21px&#8220; text_orientation=&#8220;center&#8220;]<\/p>\n<h1 style=\"text-align: center;\">Transformations Therapie<\/h1>\n<p>Robert Betz<\/p>\n<p>[\/et_pb_text][\/et_pb_column][et_pb_column type=&#8220;1_4&#8243; _builder_version=&#8220;4.3.4&#8243;][et_pb_text _builder_version=&#8220;4.3.4&#8243; text_text_color=&#8220;#a48623&#8243; header_font=&#8220;Rosario||||||||&#8220; header_font_size=&#8220;21px&#8220; text_orientation=&#8220;center&#8220;]<\/p>\n<h1 style=\"text-align: center;\">Medialit\u00e4t<\/h1>\n<p>[\/et_pb_text][\/et_pb_column][\/et_pb_row][et_pb_row column_structure=&#8220;1_4,1_4,1_4,1_4&#8243; _builder_version=&#8220;4.3.4&#8243;][et_pb_column type=&#8220;1_4&#8243; _builder_version=&#8220;4.3.4&#8243;][et_pb_image src=&#8220;https:\/\/marion-gruebel.de\/wp-content\/uploads\/2017\/07\/fullsizeoutput_10cb.jpeg&#8220; _builder_version=&#8220;4.3.4&#8243;][\/et_pb_image][\/et_pb_column][et_pb_column type=&#8220;1_4&#8243; _builder_version=&#8220;4.3.4&#8243;][et_pb_image src=&#8220;https:\/\/marion-gruebel.de\/wp-content\/uploads\/2019\/11\/Frieden-schaffen.jpg&#8220; _builder_version=&#8220;4.3.4&#8243; max_width=&#8220;100%&#8220; module_alignment=&#8220;center&#8220;][\/et_pb_image][\/et_pb_column][et_pb_column type=&#8220;1_4&#8243; _builder_version=&#8220;4.3.4&#8243;][et_pb_image src=&#8220;https:\/\/marion-gruebel.de\/wp-content\/uploads\/2020\/08\/Transformations-Therapie.png&#8220; _builder_version=&#8220;4.3.4&#8243; max_width=&#8220;100%&#8220; module_alignment=&#8220;center&#8220;][\/et_pb_image][\/et_pb_column][et_pb_column type=&#8220;1_4&#8243; _builder_version=&#8220;4.3.4&#8243;][et_pb_image src=&#8220;https:\/\/marion-gruebel.de\/wp-content\/uploads\/2017\/10\/IMG_9308.jpg&#8220; _builder_version=&#8220;4.3.4&#8243; max_width=&#8220;100%&#8220; module_alignment=&#8220;center&#8220;][\/et_pb_image][\/et_pb_column][\/et_pb_row][et_pb_row column_structure=&#8220;1_4,1_4,1_4,1_4&#8243; _builder_version=&#8220;4.3.4&#8243;][et_pb_column type=&#8220;1_4&#8243; _builder_version=&#8220;4.3.4&#8243;][et_pb_button button_url=&#8220;https:\/\/marion-gruebel.de\/marion-odile\/huna-2\/&#8220; url_new_window=&#8220;on&#8220; button_text=&#8220;Mehr zu Huna&#8220; button_alignment=&#8220;center&#8220; _builder_version=&#8220;4.3.4&#8243; custom_button=&#8220;on&#8220; button_text_size=&#8220;15px&#8220; button_text_color=&#8220;#ffffff&#8220; button_bg_color=&#8220;#a48623&#8243; button_border_width=&#8220;5px&#8220; button_border_color=&#8220;#a48623&#8243; button_border_radius=&#8220;0px&#8220; button_font=&#8220;Lato|||on|||||&#8220;][\/et_pb_button][\/et_pb_column][et_pb_column type=&#8220;1_4&#8243; _builder_version=&#8220;4.3.4&#8243;][et_pb_button button_url=&#8220;https:\/\/marion-gruebel.de\/marion-odile\/the-work-nach-byron-katie\/&#8220; url_new_window=&#8220;on&#8220; button_text=&#8220;Mehr zu The Work&#8220; button_alignment=&#8220;center&#8220; _builder_version=&#8220;4.3.4&#8243; custom_button=&#8220;on&#8220; button_text_size=&#8220;15px&#8220; button_text_color=&#8220;#ffffff&#8220; button_bg_color=&#8220;#a48623&#8243; button_border_width=&#8220;5px&#8220; button_border_color=&#8220;#a48623&#8243; button_border_radius=&#8220;0px&#8220; button_font=&#8220;Lato|||on|||||&#8220;][\/et_pb_button][\/et_pb_column][et_pb_column type=&#8220;1_4&#8243; _builder_version=&#8220;4.3.4&#8243;][et_pb_button button_url=&#8220;https:\/\/marion-gruebel.de\/marion-odile\/transformations-therapie-nach-robert-betz\/&#8220; url_new_window=&#8220;on&#8220; button_text=&#8220;Mehr \u00dcber TT&#8220; button_alignment=&#8220;center&#8220; _builder_version=&#8220;4.3.4&#8243; custom_button=&#8220;on&#8220; button_text_size=&#8220;15px&#8220; button_text_color=&#8220;#ffffff&#8220; button_bg_color=&#8220;#a48623&#8243; button_border_width=&#8220;5px&#8220; button_border_color=&#8220;#a48623&#8243; button_border_radius=&#8220;0px&#8220; button_font=&#8220;Lato|||on|||||&#8220;][\/et_pb_button][\/et_pb_column][et_pb_column type=&#8220;1_4&#8243; _builder_version=&#8220;4.3.4&#8243;][et_pb_button button_url=&#8220;https:\/\/marion-gruebel.de\/marion-odile\/medialitaet\/&#8220; url_new_window=&#8220;on&#8220; button_text=&#8220;Mehr \u00fcber Medialit\u00e4t&#8220; button_alignment=&#8220;center&#8220; _builder_version=&#8220;4.3.4&#8243; custom_button=&#8220;on&#8220; button_text_size=&#8220;15px&#8220; button_text_color=&#8220;#ffffff&#8220; button_bg_color=&#8220;#a48623&#8243; button_border_width=&#8220;5px&#8220; button_border_color=&#8220;#a48623&#8243; button_border_radius=&#8220;0px&#8220; button_font=&#8220;Lato|||on|||||&#8220;][\/et_pb_button][\/et_pb_column][\/et_pb_row][et_pb_row _builder_version=&#8220;4.3.4&#8243;][et_pb_column type=&#8220;4_4&#8243; _builder_version=&#8220;4.3.4&#8243;][et_pb_divider color=&#8220;rgba(0,0,0,0.2)&#8220; _builder_version=&#8220;4.3.4&#8243;][\/et_pb_divider][\/et_pb_column][\/et_pb_row][\/et_pb_section][et_pb_section fb_built=&#8220;1&#8243; _builder_version=&#8220;4.3.4&#8243; custom_padding=&#8220;0px||1px|||&#8220; locked=&#8220;off&#8220;][et_pb_row _builder_version=&#8220;4.3.4&#8243; locked=&#8220;off&#8220;][et_pb_column type=&#8220;4_4&#8243; _builder_version=&#8220;4.3.4&#8243;][et_pb_text _builder_version=&#8220;4.6.5&#8243; header_font_size=&#8220;50px&#8220; header_2_font_size=&#8220;36px&#8220; header_3_font=&#8220;Rosario||||||||&#8220; header_3_text_color=&#8220;#666666&#8243; header_3_font_size=&#8220;19px&#8220; header_3_line_height=&#8220;1.4em&#8220; hover_enabled=&#8220;0&#8243; sticky_enabled=&#8220;0&#8243; text_font_size=&#8220;19px&#8220; text_text_color=&#8220;#a48623&#8243; text_orientation=&#8220;center&#8220; locked=&#8220;off&#8220;]<\/p>\n<h1 style=\"text-align: center;\">Rundbrief &#8222;Der Weg des Herzens&#8220;<\/h1>\n<p style=\"text-align: center;\"><span><\/span><\/p>\n<p>[\/et_pb_text][et_pb_signup mailchimp_list=&#8220;d1496e51e5&#8243; name_field=&#8220;on&#8220; title=&#8220;Melde Dich zum Rundbrief an!&#8220; button_text=&#8220;Jetzt Anmelden&#8220; description=&#8220;<\/p>\n<p class=%22p1%22><b>Der Weg des Herzens<\/b><\/p>\n<p class=%22p1%22>Einmal im Monat versende ich einen Rundbrief mit einem Text zu <strong>aktuellen Zeitenergie, Inspirationen, meinen Neuen Terminen. <\/strong><\/p>\n<p class=%22p1%22>Ich freue mich wenn du dich zu meinem Rundbrief anmeldest!<\/p>\n<h3 class=%22p1%22><\/h3>\n<h3 class=%22p1%22>Deine Marion Odile<\/h3>\n<p>&#8220; use_spam_service=&#8220;on&#8220; recaptcha_list=&#8220;Default-0&#8243; _builder_version=&#8220;4.3.4&#8243; form_field_background_color=&#8220;rgba(255,255,255,0.78)&#8220; form_field_text_color=&#8220;#000000&#8243; background_color=&#8220;#bf509d&#8220; custom_button=&#8220;on&#8220; button_text_color=&#8220;#bf509d&#8220; button_bg_color=&#8220;#ffffff&#8220; button_border_color=&#8220;#bf509d&#8220; button_font=&#8220;|||on|||||&#8220; button_icon=&#8220;%%24%%&#8220; custom_margin=&#8220;0px||||false|false&#8220; custom_padding=&#8220;42px|42px|42px|42px|false|false&#8220; border_width_all_fields=&#8220;1px&#8220; border_color_all_fields=&#8220;#803729&#8243;][\/et_pb_signup][\/et_pb_column][\/et_pb_row][et_pb_row _builder_version=&#8220;4.3.4&#8243;][et_pb_column type=&#8220;4_4&#8243; _builder_version=&#8220;4.3.4&#8243;][et_pb_divider color=&#8220;rgba(0,0,0,0.2)&#8220; _builder_version=&#8220;4.3.4&#8243;][\/et_pb_divider][\/et_pb_column][\/et_pb_row][\/et_pb_section][et_pb_section fb_built=&#8220;1&#8243; _builder_version=&#8220;4.6.5&#8243; _module_preset=&#8220;default&#8220; locked=&#8220;off&#8220; custom_margin=&#8220;-1px|||||&#8220;][et_pb_row _builder_version=&#8220;4.6.5&#8243; _module_preset=&#8220;default&#8220;][et_pb_column _builder_version=&#8220;4.6.5&#8243; _module_preset=&#8220;default&#8220; type=&#8220;4_4&#8243;][et_pb_text _builder_version=&#8220;4.6.5&#8243; header_font=&#8220;Alex Brush||||||||&#8220; header_font_size=&#8220;50px&#8220; header_3_font=&#8220;Lato||||||||&#8220; header_3_font_size=&#8220;17px&#8220; hover_enabled=&#8220;0&#8243; header_2_font=&#8220;Rosario||||||||&#8220; header_2_font_size=&#8220;20px&#8220; sticky_enabled=&#8220;0&#8243; locked=&#8220;off&#8220;]<\/p>\n<h1 style=\"text-align: center;\"><span>Blog von &#8222;Der Weg des Herzens&#8220;<\/span><\/h1>\n<h2 style=\"text-align: center;\"><span>Ich gebe Dir hier auf meinem Blog Inspirationen und Impulse zu den aktuellen Zeitenergien. <\/span><\/h2>\n<h2 style=\"text-align: center;\"><span>Au\u00dferdem teile ich meine pers\u00f6nlichen Erfahrungen und Erkenntnisse mit Dir.\u00a0<\/span><\/h2>\n<p>[\/et_pb_text][et_pb_post_slider _builder_version=&#8220;4.6.5&#8243; _module_preset=&#8220;default&#8220; include_categories=&#8220;all&#8220; posts_number=&#8220;10&#8243; more_text=&#8220;Lese Mehr&#8220; hover_enabled=&#8220;0&#8243; sticky_enabled=&#8220;0&#8243; custom_button=&#8220;on&#8220; button_bg_color=&#8220;rgba(255,255,255,0.24)&#8220; button_bg_enable_color=&#8220;on&#8220; button_border_width=&#8220;1px&#8220; button_border_radius=&#8220;0px&#8220;][\/et_pb_post_slider][\/et_pb_column][\/et_pb_row][\/et_pb_section]<\/p>\n<span class=\"et_bloom_bottom_trigger\"><\/span>","protected":false},"excerpt":{"rendered":"<p>Die Methoden auf die meine Arbeit aufbaut \u00a0&#8222;Ich freue mich Menschen in die Freude,\u00a0 die Leichtigkeit und in die Liebe zu sich selbst\u00a0und dem Leben zu begleiten&#8220; \u00dcber die Jahre habe ich viele verschiedene Ausbildungen im Bereich Spiritualit\u00e4t und Pers\u00f6nlichkeitsentwicklung gemacht. Ich liebe es neues zu lernen und mich pers\u00f6nlich weiterzuentwickeln. Hier m\u00f6chte ich Dir [&hellip;]<\/p>\n","protected":false},"author":1,"featured_media":0,"parent":0,"menu_order":0,"comment_status":"closed","ping_status":"closed","template":"","meta":{"_et_pb_use_builder":"on","_et_pb_old_content":"","_et_gb_content_width":"","footnotes":""},"class_list":["post-184","page","type-page","status-publish","hentry"],"_links":{"self":[{"href":"https:\/\/marion-gruebel.de\/marion-odile\/wp-json\/wp\/v2\/pages\/184","targetHints":{"allow":["GET"]}}],"collection":[{"href":"https:\/\/marion-gruebel.de\/marion-odile\/wp-json\/wp\/v2\/pages"}],"about":[{"href":"https:\/\/marion-gruebel.de\/marion-odile\/wp-json\/wp\/v2\/types\/page"}],"author":[{"embeddable":true,"href":"https:\/\/marion-gruebel.de\/marion-odile\/wp-json\/wp\/v2\/users\/1"}],"replies":[{"embeddable":true,"href":"https:\/\/marion-gruebel.de\/marion-odile\/wp-json\/wp\/v2\/comments?post=184"}],"version-history":[{"count":12,"href":"https:\/\/marion-gruebel.de\/marion-odile\/wp-json\/wp\/v2\/pages\/184\/revisions"}],"predecessor-version":[{"id":1571,"href":"https:\/\/marion-gruebel.de\/marion-odile\/wp-json\/wp\/v2\/pages\/184\/revisions\/1571"}],"wp:attachment":[{"href":"https:\/\/marion-gruebel.de\/marion-odile\/wp-json\/wp\/v2\/media?parent=184"}],"curies":[{"name":"wp","href":"https:\/\/api.w.org\/{rel}","templated":true}]}}