{"id":185,"date":"2017-07-14T14:09:29","date_gmt":"2017-07-14T14:09:29","guid":{"rendered":"http:\/\/marion-gruebel.de\/?page_id=185"},"modified":"2020-08-18T13:43:39","modified_gmt":"2020-08-18T13:43:39","slug":"huna-2","status":"publish","type":"page","link":"https:\/\/marion-gruebel.de\/marion-odile\/huna-2\/","title":{"rendered":"Huna"},"content":{"rendered":"<p>[et_pb_section fb_built=&#8220;1&#8243; _builder_version=&#8220;4.3.4&#8243; custom_margin=&#8220;||||false|false&#8220; custom_padding=&#8220;0px|||||&#8220;][et_pb_row column_structure=&#8220;3_5,2_5&#8243; _builder_version=&#8220;4.3.4&#8243;][et_pb_column type=&#8220;3_5&#8243; _builder_version=&#8220;4.3.4&#8243;][et_pb_text _builder_version=&#8220;4.3.4&#8243; header_font=&#8220;Alex Brush||||||||&#8220; header_font_size=&#8220;43px&#8220; header_3_font=&#8220;Lato||||||||&#8220; header_3_font_size=&#8220;17px&#8220; hover_enabled=&#8220;0&#8243;]<\/p>\n<h1>Huna<\/h1>\n<h2><\/h2>\n<h2><\/h2>\n<h2>Das hawaiianische Wort &#8222;Huna&#8220; bedeutet &#8222;Geheimnis&#8220;.<\/h2>\n<h2>Huna wird dem Abenteuerschamanismus zugeschrieben.<\/h2>\n<h2>Das Leben ist ein Abenteuer, erfahre und lebe es.<\/h2>\n<p>[\/et_pb_text][\/et_pb_column][et_pb_column type=&#8220;2_5&#8243; _builder_version=&#8220;4.3.4&#8243;][et_pb_image src=&#8220;https:\/\/marion-gruebel.de\/wp-content\/uploads\/2017\/07\/fullsizeoutput_10cb.jpeg&#8220; _builder_version=&#8220;4.3.4&#8243; width=&#8220;68%&#8220; module_alignment=&#8220;center&#8220; hover_enabled=&#8220;0&#8243;][\/et_pb_image][\/et_pb_column][\/et_pb_row][et_pb_row _builder_version=&#8220;4.3.4&#8243;][et_pb_column type=&#8220;4_4&#8243; _builder_version=&#8220;4.3.4&#8243;][et_pb_divider color=&#8220;rgba(0,0,0,0.2)&#8220; _builder_version=&#8220;4.3.4&#8243;][\/et_pb_divider][\/et_pb_column][\/et_pb_row][et_pb_row _builder_version=&#8220;4.3.4&#8243;][et_pb_column type=&#8220;4_4&#8243; _builder_version=&#8220;4.3.4&#8243;][et_pb_text _builder_version=&#8220;4.3.4&#8243; header_5_font=&#8220;Rosario||||||||&#8220; header_5_text_color=&#8220;#a48623&#8243; hover_enabled=&#8220;0&#8243;]<\/p>\n<h5><big><big><big><span>H<\/span><\/big><\/big><\/big> \u00a0steht f\u00fcr \u00a0 &#8222;harmony&#8220;, &#8222;healing&#8220; &#8211; Harmonie, Heilung<\/h5>\n<h5><big><big><big><span>U<\/span><\/big><\/big><\/big>\u00a0 steht f\u00fcr\u00a0 \u00a0&#8222;using&#8220; &#8211; verwenden, benutzen, anwenden<\/h5>\n<h5><big><big><big><span>N<\/span><\/big><\/big><\/big> \u00a0steht f\u00fcr \u00a0 &#8222;natural&#8220; &#8211; nat\u00fcrlich<\/h5>\n<h5><big><big><big><span>A<\/span><\/big><\/big><\/big> \u00a0steht f\u00fcr \u00a0 &#8222;abilities&#8220; &#8211; F\u00e4higkeiten<\/h5>\n<p>&nbsp;<\/p>\n<p>Wir nutzen unsere nat\u00fcrlichen F\u00e4higkeiten\u00a0zur Heilung um die nat\u00fcrliche Harmonie der Sch\u00f6pfung zu erhalten oder wiederherzustellen.<\/p>\n<h2>Die nat\u00fcrlichen F\u00e4higkeiten die wir haben\u00a0sind:<\/h2>\n<blockquote>\n<p><span><em>Atmung, Gedanken, Sprache, Laute, W\u00f6rter, Imaginationen, Gef\u00fchle, Bewegung, Ausdruck, Lenken und Leiten von Energien, Sch\u00f6pfungs- und Gestaltkraft<\/em>.<\/span><\/p>\n<\/blockquote>\n<p>Wir empfangen, lenken und leiten Energie. Wir sind schwingende Lichtenergie.<\/p>\n<div>Im <span>HUNA<\/span> lernen wir diese nat\u00fcrlichen F\u00e4higkeiten zu nutzen um Heilung, Segen, Gl\u00fcck und Bereinigung zu bewirken.<\/div>\n<blockquote>\n<p><span><em>Heilung geschieht mit Liebe im Hier und Jetzt\u00a0<\/em><\/span><\/p>\n<\/blockquote>\n<h5><span>HUNA<\/span> beruht auf sieben Prinzipien und ihrer vielseitigen Anwendung.<\/h5>\n<h5><span>HUNA<\/span> l\u00e4sst sich unkompliziert, praktisch und schnell anwenden.<\/h5>\n<h5>Heilung bassiert im <span>HUNA<\/span> auf <strong>Bewusstsein, Liebe<\/strong> und <strong>Bereinigung<\/strong>.<\/h5>\n<p>Was mich am meisten begeistert, ist die entspannte, liebevolle und herzliche Haltung, die sich durch <span>HUNA<\/span> entwickelt. Wir lernen unser <span><em>Herz offen zu halten<\/em><\/span>, Dinge aus <span><em>anderen Perspektiven<\/em> <\/span>zu betrachten, <span><em>andere Ebenen des Seins<\/em><\/span> einzubeziehen und unseren <em><span>Lebensstrom in Gef\u00fchlen, Worten und Taten<\/span> <span>selbstverantwortlich und segensvoll zu lenken<\/span><\/em>.\u00a0Das Leben wird so zu einem spannenden Abenteuer der Selbstentdeckung und des Bewusstseins, das uns Tag f\u00fcr Tag in Frieden, Liebe, Freude, Verbundenheit, Wohlbefinden und Wohlstand f\u00fchrt.<\/p>\n<h5><span><big>Die sieben Prinzipien des Huna sind <\/big><\/span><span><big>einfach, deutlich und zeitlos:<\/big><\/span><\/h5>\n<p><big><big>\u00a0<span>IKE<\/span><\/big><\/big>\u00a0 \u00a0 \u00a0 \u00a0 \u00a0 \u00a0 \u00a0 \u00a0 \u00a0 \u00a0 \u00a0 \u00a0 \u00a0 \u00a0 \u00a0 \u00a0 \u00a0 Die Welt ist so, wie Du glaubst, dass sie ist.<br \/> <big><big>\u00a0<span>KALA<\/span><\/big><\/big>\u00a0 \u00a0 \u00a0 \u00a0 \u00a0 \u00a0 \u00a0 \u00a0 \u00a0 \u00a0 \u00a0 \u00a0 \u00a0 \u00a0 \u00a0 Es gibt keine Grenzen.<br \/> <big><big>\u00a0<span>MAKIA<\/span><\/big><\/big>\u00a0 \u00a0 \u00a0 \u00a0 \u00a0 \u00a0 \u00a0 \u00a0 \u00a0 \u00a0 \u00a0 \u00a0 \u00a0 \u00a0Die Energie flie\u00dft dahin, wohin die Aufmerksamkeit hingeht.<br \/> <big><big>\u00a0<span>MANAWA<\/span><\/big><\/big>\u00a0 \u00a0 \u00a0 \u00a0 \u00a0 \u00a0 \u00a0 \u00a0 \u00a0 \u00a0 \u00a0 Jetzt ist der Augenblick der Macht.<br \/> <big><big>\u00a0<span>ALOHA<\/span><\/big><\/big>\u00a0 \u00a0 \u00a0 \u00a0 \u00a0 \u00a0 \u00a0 \u00a0 \u00a0 \u00a0 \u00a0 \u00a0 \u00a0 Lieben hei\u00dft, gl\u00fccklich zu sein mit &#8230;<br \/> <big><big>\u00a0<span>MANA<\/span><\/big><\/big>\u00a0 \u00a0 \u00a0 \u00a0 \u00a0 \u00a0 \u00a0 \u00a0 \u00a0 \u00a0 \u00a0 \u00a0 \u00a0 \u00a0Alle Macht kommt von Innen.<br \/> <big><big>\u00a0<span>PONO<\/span><\/big><\/big>\u00a0 \u00a0 \u00a0 \u00a0 \u00a0 \u00a0 \u00a0 \u00a0 \u00a0 \u00a0 \u00a0 \u00a0 \u00a0 \u00a0Flexibilit\u00e4t &#8211; Wirksamkeit ist das Ma\u00df der Wahrheit.<\/p>\n<p><span><\/span><\/p>\n<p><span>HUNA<\/span> ist zu einem festen Bestandteil in meinem Leben geworden und flie\u00dft \u00fcberall in meine Arbeit mit ein: in die <a href=\"http:\/\/marion-gruebel.de\/angebote\/seelenbegleitung\"><em>Seelenbegleitung<\/em><\/a>, in die <em><a href=\"http:\/\/marion-gruebel.de\/angebote\/kleine-seminarstunden\">kleinen Seminarstunden<\/a> <\/em>und die<em> <a href=\"http:\/\/marion-gruebel.de\/angebote\/seelennachmittage\">Seelennachmittage<\/a><\/em>.\u00a0<em><a href=\"http:\/\/marion-gruebel.de\/angebote\/ho-oponopono\">Ho`oponopono<\/a><\/em>, welches ich regelm\u00e4\u00dfig als Tagesseminar anbiete, ist ein Bestandteil des <span><strong>HUNA<\/strong><\/span>.<\/p>\n<h2>Mein Weg zum Huna\u00a0<\/h2>\n<p>2012 habe ich Jeanne Ruland pers\u00f6nlich bei einem Vortrag kennengelernt und habe begeistert direkt bei ihr die Ausbildung zur HUNA-Lehrerin begonnen.<\/p>\n<blockquote>\n<p><em><strong>Von\u00a0Herzen ein gro\u00dfes Dankesch\u00f6n<\/strong> an meine HUNA Lehrerin <a href=\"http:\/\/www.shantila.de\/\" target=\"_blank\" rel=\"noopener noreferrer\">Jeanne Ruland<\/a>,<\/em><br \/> <em> die mit Ihrem Wirken in mir den Weg des ALOHA-Spirits wieder erweckt hat.\u00a0<\/em><\/p>\n<\/blockquote>\n<p>&nbsp;<\/p>\n<p>M\u00f6ge der <span><strong>goldene Regen des Segens<\/strong><\/span> in diese Seiten flie\u00dfen und in alle Menschen, die damit in Ber\u00fchrung kommen, auf dass Sie sich erinnern, erfreuen, inspirieren und tragen lassen von der unendlichen Liebe des Universums.<\/p>\n<p>M\u00f6ge <span><em><strong>&#8222;Der Weg des Herzens&#8220;<\/strong><\/em><\/span> neue T\u00fcren \u00f6ffnen, neue M\u00f6glichkeiten aufzeigen, bereits begangene Wege erweitern und tiefer in das Geheimnis des Lebens im Sinne von <span>ALOHA<\/span> eintauchen.<\/p>\n<p>M\u00f6gen wir mehr und mehr die Verbundenheit im Leben erfahren.<br \/> M\u00f6gen wir getragen und besch\u00fctzt sein und die Liebe der Sch\u00f6pfung tief in uns erfahren und weitergeben.<\/p>\n<h6><\/h6>\n<h6><\/h6>\n<h2><\/h2>\n<h2>Von Herzen danke ich f\u00fcr die t\u00e4glichen Segnungen in meinem Leben\u00a0<br \/> Mahalo<\/h2>\n<h2>Marion Odile<\/h2>\n<h6><\/h6>\n<p>[\/et_pb_text][\/et_pb_column][\/et_pb_row][et_pb_row _builder_version=&#8220;4.3.4&#8243;][et_pb_column type=&#8220;4_4&#8243; _builder_version=&#8220;4.3.4&#8243;][et_pb_divider color=&#8220;rgba(0,0,0,0.2)&#8220; _builder_version=&#8220;4.3.4&#8243;][\/et_pb_divider][\/et_pb_column][\/et_pb_row][et_pb_row column_structure=&#8220;1_3,1_3,1_3&#8243; _builder_version=&#8220;4.3.4&#8243;][et_pb_column type=&#8220;1_3&#8243; _builder_version=&#8220;4.3.4&#8243;][et_pb_text _builder_version=&#8220;4.3.4&#8243; header_font_size=&#8220;37px&#8220;]<\/p>\n<h1 style=\"text-align: center;\">Meine\u00a0 Angebote<\/h1>\n<p>[\/et_pb_text][et_pb_image src=&#8220;https:\/\/marion-gruebel.de\/wp-content\/uploads\/2017\/07\/TT_Rose-Kopie.jpg&#8220; _builder_version=&#8220;4.3.4&#8243;][\/et_pb_image][et_pb_button url_new_window=&#8220;on&#8220; button_text=&#8220;Zu meinen Angeboten&#8220; button_alignment=&#8220;center&#8220; _builder_version=&#8220;4.3.4&#8243; custom_button=&#8220;on&#8220; button_text_size=&#8220;15px&#8220; button_text_color=&#8220;#ffffff&#8220; button_bg_color=&#8220;#a48623&#8243; button_border_width=&#8220;5px&#8220; button_border_color=&#8220;#a48623&#8243; button_border_radius=&#8220;0px&#8220; button_font=&#8220;Lato|||on|||||&#8220;][\/et_pb_button][\/et_pb_column][et_pb_column type=&#8220;1_3&#8243; _builder_version=&#8220;4.3.4&#8243;][et_pb_text _builder_version=&#8220;4.3.4&#8243; header_font_size=&#8220;37px&#8220;]<\/p>\n<h1 style=\"text-align: center;\">Seminare<\/h1>\n<p>[\/et_pb_text][et_pb_image src=&#8220;https:\/\/marion-gruebel.de\/wp-content\/uploads\/2020\/08\/Garten-Gruppen-Seminar.jpg&#8220; _builder_version=&#8220;4.3.4&#8243; max_width=&#8220;77%&#8220; module_alignment=&#8220;center&#8220;][\/et_pb_image][et_pb_button url_new_window=&#8220;on&#8220; button_text=&#8220;Zu meinen Seminaren&#8220; button_alignment=&#8220;center&#8220; _builder_version=&#8220;4.3.4&#8243; custom_button=&#8220;on&#8220; button_text_size=&#8220;15px&#8220; button_text_color=&#8220;#ffffff&#8220; button_bg_color=&#8220;#a48623&#8243; button_border_width=&#8220;5px&#8220; button_border_color=&#8220;#a48623&#8243; button_border_radius=&#8220;0px&#8220; button_font=&#8220;Lato|||on|||||&#8220;][\/et_pb_button][\/et_pb_column][et_pb_column type=&#8220;1_3&#8243; _builder_version=&#8220;4.3.4&#8243;][et_pb_text _builder_version=&#8220;4.3.4&#8243; header_font_size=&#8220;37px&#8220;]<\/p>\n<h1 style=\"text-align: center;\">Mein Blog<\/h1>\n<p>[\/et_pb_text][et_pb_image src=&#8220;https:\/\/marion-gruebel.de\/wp-content\/uploads\/2019\/11\/Regenbogen.jpg&#8220; _builder_version=&#8220;4.3.4&#8243; max_width=&#8220;78%&#8220; module_alignment=&#8220;center&#8220;][\/et_pb_image][et_pb_button url_new_window=&#8220;on&#8220; button_text=&#8220;Zu meinem Blog&#8220; button_alignment=&#8220;center&#8220; _builder_version=&#8220;4.3.4&#8243; custom_button=&#8220;on&#8220; button_text_size=&#8220;15px&#8220; button_text_color=&#8220;#ffffff&#8220; button_bg_color=&#8220;#a48623&#8243; button_border_width=&#8220;5px&#8220; button_border_color=&#8220;#a48623&#8243; button_border_radius=&#8220;0px&#8220; button_font=&#8220;Lato|||on|||||&#8220;][\/et_pb_button][\/et_pb_column][\/et_pb_row][\/et_pb_section]<\/p>\n<span class=\"et_bloom_bottom_trigger\"><\/span>","protected":false},"excerpt":{"rendered":"<p>Huna Das hawaiianische Wort &#8222;Huna&#8220; bedeutet &#8222;Geheimnis&#8220;. Huna wird dem Abenteuerschamanismus zugeschrieben. Das Leben ist ein Abenteuer, erfahre und lebe es. H \u00a0steht f\u00fcr \u00a0 &#8222;harmony&#8220;, &#8222;healing&#8220; &#8211; Harmonie, Heilung U\u00a0 steht f\u00fcr\u00a0 \u00a0&#8222;using&#8220; &#8211; verwenden, benutzen, anwenden N \u00a0steht f\u00fcr \u00a0 &#8222;natural&#8220; &#8211; nat\u00fcrlich A \u00a0steht f\u00fcr \u00a0 &#8222;abilities&#8220; &#8211; F\u00e4higkeiten &nbsp; Wir nutzen [&hellip;]<\/p>\n","protected":false},"author":1,"featured_media":0,"parent":0,"menu_order":0,"comment_status":"closed","ping_status":"closed","template":"","meta":{"_et_pb_use_builder":"on","_et_pb_old_content":"","_et_gb_content_width":"","footnotes":""},"class_list":["post-185","page","type-page","status-publish","hentry"],"_links":{"self":[{"href":"https:\/\/marion-gruebel.de\/marion-odile\/wp-json\/wp\/v2\/pages\/185","targetHints":{"allow":["GET"]}}],"collection":[{"href":"https:\/\/marion-gruebel.de\/marion-odile\/wp-json\/wp\/v2\/pages"}],"about":[{"href":"https:\/\/marion-gruebel.de\/marion-odile\/wp-json\/wp\/v2\/types\/page"}],"author":[{"embeddable":true,"href":"https:\/\/marion-gruebel.de\/marion-odile\/wp-json\/wp\/v2\/users\/1"}],"replies":[{"embeddable":true,"href":"https:\/\/marion-gruebel.de\/marion-odile\/wp-json\/wp\/v2\/comments?post=185"}],"version-history":[{"count":37,"href":"https:\/\/marion-gruebel.de\/marion-odile\/wp-json\/wp\/v2\/pages\/185\/revisions"}],"predecessor-version":[{"id":1359,"href":"https:\/\/marion-gruebel.de\/marion-odile\/wp-json\/wp\/v2\/pages\/185\/revisions\/1359"}],"wp:attachment":[{"href":"https:\/\/marion-gruebel.de\/marion-odile\/wp-json\/wp\/v2\/media?parent=185"}],"curies":[{"name":"wp","href":"https:\/\/api.w.org\/{rel}","templated":true}]}}