{"id":1916,"date":"2021-05-24T17:40:28","date_gmt":"2021-05-24T15:40:28","guid":{"rendered":"https:\/\/marion-gruebel.de\/marion-odile\/?page_id=1916"},"modified":"2022-06-28T12:53:51","modified_gmt":"2022-06-28T10:53:51","slug":"online-treffen","status":"publish","type":"page","link":"https:\/\/marion-gruebel.de\/marion-odile\/online-treffen\/","title":{"rendered":"Online Treffen"},"content":{"rendered":"<p>[et_pb_section fb_built=&#8220;1&#8243; _builder_version=&#8220;4.3.4&#8243; custom_margin=&#8220;-30px||||false|false&#8220; custom_padding=&#8220;0px|||||&#8220; global_colors_info=&#8220;{}&#8220;][et_pb_row _builder_version=&#8220;4.3.4&#8243; global_colors_info=&#8220;{}&#8220;][et_pb_column type=&#8220;4_4&#8243; _builder_version=&#8220;4.3.4&#8243; global_colors_info=&#8220;{}&#8220;][et_pb_image src=&#8220;https:\/\/marion-gruebel.de\/wp-content\/uploads\/2017\/07\/KS_2-Kopie.jpg&#8220; _builder_version=&#8220;4.3.4&#8243; custom_margin=&#8220;-1px|||||&#8220; global_colors_info=&#8220;{}&#8220;][\/et_pb_image][\/et_pb_column][\/et_pb_row][et_pb_row _builder_version=&#8220;4.3.4&#8243; global_colors_info=&#8220;{}&#8220;][et_pb_column type=&#8220;4_4&#8243; _builder_version=&#8220;4.3.4&#8243; global_colors_info=&#8220;{}&#8220;][et_pb_text _builder_version=&#8220;4.9.4&#8243; header_font=&#8220;Alex Brush||||||||&#8220; header_font_size=&#8220;43px&#8220; header_3_font=&#8220;Lato||||||||&#8220; header_3_font_size=&#8220;17px&#8220; global_colors_info=&#8220;{}&#8220;]<\/p>\n<h1 style=\"text-align: center;\"><span>Online Treffen<\/span><\/h1>\n<h2><\/h2>\n<p>[\/et_pb_text][\/et_pb_column][\/et_pb_row][et_pb_row _builder_version=&#8220;4.3.4&#8243; global_colors_info=&#8220;{}&#8220;][et_pb_column type=&#8220;4_4&#8243; _builder_version=&#8220;4.3.4&#8243; global_colors_info=&#8220;{}&#8220;][et_pb_divider color=&#8220;rgba(0,0,0,0.2)&#8220; _builder_version=&#8220;4.3.4&#8243; global_colors_info=&#8220;{}&#8220;][\/et_pb_divider][\/et_pb_column][\/et_pb_row][et_pb_row column_structure=&#8220;1_3,1_3,1_3&#8243; _builder_version=&#8220;4.3.4&#8243; global_colors_info=&#8220;{}&#8220;][et_pb_column type=&#8220;1_3&#8243; _builder_version=&#8220;4.3.4&#8243; global_colors_info=&#8220;{}&#8220;][et_pb_image src=&#8220;https:\/\/marion-gruebel.de\/wp-content\/uploads\/2021\/05\/Spirit-of-Essence-a\u0308therische-O\u0308le-Zoom.jpg&#8220; alt=&#8220;Spirit of Essence a\u0308therische O\u0308le Zoom&#8220; title_text=&#8220;Spirit of Essence a\u0308therische O\u0308le Zoom&#8220; _builder_version=&#8220;4.9.4&#8243; max_width=&#8220;77%&#8220; module_alignment=&#8220;center&#8220; global_colors_info=&#8220;{}&#8220;][\/et_pb_image][et_pb_text _builder_version=&#8220;4.14.8&#8243; text_text_color=&#8220;#A48623&#8243; header_font_size=&#8220;37px&#8220; header_3_font=&#8220;Abel|||on|||||&#8220; header_3_text_align=&#8220;center&#8220; header_4_font=&#8220;Abel||||||||&#8220; hover_enabled=&#8220;0&#8243; global_colors_info=&#8220;{}&#8220; sticky_enabled=&#8220;0&#8243;]<\/p>\n<h1 style=\"text-align: center;\">Spirit of Essence<\/h1>\n<h3>Jeden 2. Mittwoch 19 Uhr<\/h3>\n<p style=\"text-align: center;\">Ein Zoom zur aktuellen Zeitqualit\u00e4t in Verbindung mit einem \u00e4therischen \u00d6l von Young Living (Werbung).<\/p>\n<p>Schreibe uns sehr gerne eine kurze Nachricht, wenn Du gerne teilnehmen m\u00f6chtest.<\/p>\n<p>[\/et_pb_text][et_pb_button button_url=&#8220;mailto:info@marion-gruebel.de&#8220; url_new_window=&#8220;on&#8220; button_text=&#8220;Jetzt anmelden&#8220; button_alignment=&#8220;center&#8220; _builder_version=&#8220;4.9.4&#8243; custom_button=&#8220;on&#8220; button_text_size=&#8220;15px&#8220; button_text_color=&#8220;#ffffff&#8220; button_bg_color=&#8220;#a48623&#8243; button_border_width=&#8220;5px&#8220; button_border_color=&#8220;#a48623&#8243; button_border_radius=&#8220;0px&#8220; button_font=&#8220;Lato|||on|||||&#8220; global_colors_info=&#8220;{}&#8220;][\/et_pb_button][\/et_pb_column][et_pb_column type=&#8220;1_3&#8243; _builder_version=&#8220;4.3.4&#8243; global_colors_info=&#8220;{}&#8220;][et_pb_image src=&#8220;https:\/\/marion-gruebel.de\/wp-content\/uploads\/2021\/05\/Trauer-in-Bewegung.jpg&#8220; alt=&#8220;Trauer in Bewegung&#8220; title_text=&#8220;Trauer in Bewegung&#8220; _builder_version=&#8220;4.9.4&#8243; max_width=&#8220;77%&#8220; module_alignment=&#8220;center&#8220; global_colors_info=&#8220;{}&#8220;][\/et_pb_image][et_pb_text _builder_version=&#8220;4.14.8&#8243; text_text_color=&#8220;#A48623&#8243; header_font_size=&#8220;37px&#8220; header_3_font=&#8220;Abel|||on|||||&#8220; header_3_text_align=&#8220;center&#8220; header_4_font=&#8220;Abel||||||||&#8220; hover_enabled=&#8220;0&#8243; global_colors_info=&#8220;{}&#8220; sticky_enabled=&#8220;0&#8243;]<\/p>\n<h1 style=\"text-align: center;\">Trauer in Bewegung<\/h1>\n<p style=\"text-align: center;\"><strong>Per Zoom, spendenbasiert<\/strong><\/p>\n<p>Mein Wunsch ist es Menschen in der Zeit ihrer Trauer zu vernetzen, einen Raum zu schaffen in dem Du mit all Deinen Trauerempfindungen herzlich willkommen bist.<\/p>\n<p>Trauer in Bewegung ist f\u00fcr ALLE da:<\/p>\n<ul>\n<li>Zeit f\u00fcr ALLE Gef\u00fchle<\/li>\n<li>Zeit f\u00fcr ALLE\u00a0Gedanken<\/li>\n<li>Zeit f\u00fcr einfach da sein<\/li>\n<li>Zeit f\u00fcr ALLES was auf dem Herzen liegt<\/li>\n<li>Zeit f\u00fcr Vernetzung<\/li>\n<li>Zeit f\u00fcr Impulse<\/li>\n<li>Zeit f\u00fcr Heilung<\/li>\n<li>Zeit f\u00fcr echtes mitf\u00fchlendes Miteinander<\/li>\n<\/ul>\n<p>Schreibe mir sehr gerne eine kurze Nachricht, wenn Du an Trauer in Bewegung Interesse hast.<\/p>\n<p>[\/et_pb_text][et_pb_button button_url=&#8220;mailto:info@marion-gruebel.de&#8220; url_new_window=&#8220;on&#8220; button_text=&#8220;Jetzt anmelden&#8220; button_alignment=&#8220;center&#8220; _builder_version=&#8220;4.9.4&#8243; custom_button=&#8220;on&#8220; button_text_size=&#8220;15px&#8220; button_text_color=&#8220;#ffffff&#8220; button_bg_color=&#8220;#a48623&#8243; button_border_width=&#8220;5px&#8220; button_border_color=&#8220;#a48623&#8243; button_border_radius=&#8220;0px&#8220; button_font=&#8220;Lato|||on|||||&#8220; global_colors_info=&#8220;{}&#8220;][\/et_pb_button][\/et_pb_column][et_pb_column type=&#8220;1_3&#8243; _builder_version=&#8220;4.3.4&#8243; global_colors_info=&#8220;{}&#8220;][et_pb_image src=&#8220;https:\/\/marion-gruebel.de\/wp-content\/uploads\/2021\/05\/Online-Treffen-.jpg&#8220; alt=&#8220;Online Treffen&#8220; title_text=&#8220;Online Treffen&#8220; _builder_version=&#8220;4.9.4&#8243; max_width=&#8220;78%&#8220; module_alignment=&#8220;center&#8220; global_colors_info=&#8220;{}&#8220;][\/et_pb_image][et_pb_text _builder_version=&#8220;4.14.8&#8243; text_text_color=&#8220;#A48623&#8243; header_font_size=&#8220;37px&#8220; header_3_font=&#8220;Abel|||on|||||&#8220; header_3_text_align=&#8220;center&#8220; header_4_font=&#8220;Abel||||||||&#8220; hover_enabled=&#8220;0&#8243; global_colors_info=&#8220;{}&#8220; sticky_enabled=&#8220;0&#8243;]<\/p>\n<h1 style=\"text-align: center;\">Monatliches Zusammenkommen<\/h1>\n<p style=\"text-align: center;\"><strong>Per Zoom, spendenbasiert<\/strong><\/p>\n<p>Mit diesem Zoom w\u00fcnsche ich mir, dass wir uns gemeinsam auf die neue Zeit einstimmen. Es ist ein Raum, in dem wir uns gemeinsam erinnern und unterst\u00fctzen.<\/p>\n<ul>\n<li>Aktuelle Zeitqualit\u00e4t<\/li>\n<li>\u00dcbungen<\/li>\n<li>Austausch<\/li>\n<li>Vernetzung<\/li>\n<li>Meditation<\/li>\n<\/ul>\n<p>Schreibe mir sehr gerne eine kurze Nachricht, wenn Du gerne teilnehmen m\u00f6chtest.<\/p>\n<p>[\/et_pb_text][et_pb_button button_url=&#8220;mailto:info@marion-gruebel.de&#8220; url_new_window=&#8220;on&#8220; button_text=&#8220;Jetzt anmelden&#8220; button_alignment=&#8220;center&#8220; _builder_version=&#8220;4.9.4&#8243; custom_button=&#8220;on&#8220; button_text_size=&#8220;15px&#8220; button_text_color=&#8220;#ffffff&#8220; button_bg_color=&#8220;#a48623&#8243; button_border_width=&#8220;5px&#8220; button_border_color=&#8220;#a48623&#8243; button_border_radius=&#8220;0px&#8220; button_font=&#8220;Lato|||on|||||&#8220; global_colors_info=&#8220;{}&#8220;][\/et_pb_button][\/et_pb_column][\/et_pb_row][et_pb_row _builder_version=&#8220;4.3.4&#8243; global_colors_info=&#8220;{}&#8220;][et_pb_column type=&#8220;4_4&#8243; _builder_version=&#8220;4.3.4&#8243; global_colors_info=&#8220;{}&#8220;][et_pb_divider color=&#8220;rgba(0,0,0,0.2)&#8220; _builder_version=&#8220;4.3.4&#8243; global_colors_info=&#8220;{}&#8220;][\/et_pb_divider][\/et_pb_column][\/et_pb_row][et_pb_row column_structure=&#8220;1_3,1_3,1_3&#8243; _builder_version=&#8220;4.3.4&#8243; global_colors_info=&#8220;{}&#8220;][et_pb_column type=&#8220;1_3&#8243; _builder_version=&#8220;4.3.4&#8243; global_colors_info=&#8220;{}&#8220;][et_pb_text _builder_version=&#8220;4.3.4&#8243; header_font_size=&#8220;37px&#8220; global_colors_info=&#8220;{}&#8220;]<\/p>\n<h1 style=\"text-align: center;\">Meine\u00a0 Angebote<\/h1>\n<p>[\/et_pb_text][et_pb_image src=&#8220;https:\/\/marion-gruebel.de\/wp-content\/uploads\/2017\/07\/TT_Rose-Kopie.jpg&#8220; _builder_version=&#8220;4.3.4&#8243; global_colors_info=&#8220;{}&#8220;][\/et_pb_image][et_pb_button button_url=&#8220;https:\/\/marion-gruebel.de\/marion-odile\/online-angebote\/&#8220; url_new_window=&#8220;on&#8220; button_text=&#8220;Zu meinen Angeboten&#8220; button_alignment=&#8220;center&#8220; _builder_version=&#8220;4.9.4&#8243; custom_button=&#8220;on&#8220; button_text_size=&#8220;15px&#8220; button_text_color=&#8220;#ffffff&#8220; button_bg_color=&#8220;#a48623&#8243; button_border_width=&#8220;5px&#8220; button_border_color=&#8220;#a48623&#8243; button_border_radius=&#8220;0px&#8220; button_font=&#8220;Lato|||on|||||&#8220; global_colors_info=&#8220;{}&#8220;][\/et_pb_button][\/et_pb_column][et_pb_column type=&#8220;1_3&#8243; _builder_version=&#8220;4.3.4&#8243; global_colors_info=&#8220;{}&#8220;][et_pb_text _builder_version=&#8220;4.3.4&#8243; header_font_size=&#8220;37px&#8220; global_colors_info=&#8220;{}&#8220;]<\/p>\n<h1 style=\"text-align: center;\">Seminare<\/h1>\n<p>[\/et_pb_text][et_pb_image src=&#8220;https:\/\/marion-gruebel.de\/wp-content\/uploads\/2020\/08\/Garten-Gruppen-Seminar.jpg&#8220; _builder_version=&#8220;4.3.4&#8243; max_width=&#8220;77%&#8220; module_alignment=&#8220;center&#8220; global_colors_info=&#8220;{}&#8220;][\/et_pb_image][et_pb_button url_new_window=&#8220;on&#8220; button_text=&#8220;Zu meinen Seminaren&#8220; button_alignment=&#8220;center&#8220; _builder_version=&#8220;4.3.4&#8243; custom_button=&#8220;on&#8220; button_text_size=&#8220;15px&#8220; button_text_color=&#8220;#ffffff&#8220; button_bg_color=&#8220;#a48623&#8243; button_border_width=&#8220;5px&#8220; button_border_color=&#8220;#a48623&#8243; button_border_radius=&#8220;0px&#8220; button_font=&#8220;Lato|||on|||||&#8220; global_colors_info=&#8220;{}&#8220;][\/et_pb_button][\/et_pb_column][et_pb_column type=&#8220;1_3&#8243; _builder_version=&#8220;4.3.4&#8243; global_colors_info=&#8220;{}&#8220;][et_pb_text _builder_version=&#8220;4.3.4&#8243; header_font_size=&#8220;37px&#8220; global_colors_info=&#8220;{}&#8220;]<\/p>\n<h1 style=\"text-align: center;\">Mein Blog<\/h1>\n<p>[\/et_pb_text][et_pb_image src=&#8220;https:\/\/marion-gruebel.de\/wp-content\/uploads\/2019\/11\/Regenbogen.jpg&#8220; _builder_version=&#8220;4.3.4&#8243; max_width=&#8220;78%&#8220; module_alignment=&#8220;center&#8220; global_colors_info=&#8220;{}&#8220;][\/et_pb_image][et_pb_button url_new_window=&#8220;on&#8220; button_text=&#8220;Zu meinem Blog&#8220; button_alignment=&#8220;center&#8220; _builder_version=&#8220;4.3.4&#8243; custom_button=&#8220;on&#8220; button_text_size=&#8220;15px&#8220; button_text_color=&#8220;#ffffff&#8220; button_bg_color=&#8220;#a48623&#8243; button_border_width=&#8220;5px&#8220; button_border_color=&#8220;#a48623&#8243; button_border_radius=&#8220;0px&#8220; button_font=&#8220;Lato|||on|||||&#8220; global_colors_info=&#8220;{}&#8220;][\/et_pb_button][\/et_pb_column][\/et_pb_row][et_pb_row _builder_version=&#8220;4.3.4&#8243; global_colors_info=&#8220;{}&#8220;][et_pb_column type=&#8220;4_4&#8243; _builder_version=&#8220;4.3.4&#8243; global_colors_info=&#8220;{}&#8220;][et_pb_divider color=&#8220;rgba(0,0,0,0.2)&#8220; _builder_version=&#8220;4.3.4&#8243; global_colors_info=&#8220;{}&#8220;][\/et_pb_divider][\/et_pb_column][\/et_pb_row][\/et_pb_section]<\/p>\n<span class=\"et_bloom_bottom_trigger\"><\/span>","protected":false},"excerpt":{"rendered":"<p>Online Treffen Spirit of Essence Jeden 2. Mittwoch 19 Uhr Ein Zoom zur aktuellen Zeitqualit\u00e4t in Verbindung mit einem \u00e4therischen \u00d6l von Young Living (Werbung). Schreibe uns sehr gerne eine kurze Nachricht, wenn Du gerne teilnehmen m\u00f6chtest.Trauer in Bewegung Per Zoom, spendenbasiert Mein Wunsch ist es Menschen in der Zeit ihrer Trauer zu vernetzen, einen [&hellip;]<\/p>\n","protected":false},"author":1,"featured_media":0,"parent":0,"menu_order":0,"comment_status":"closed","ping_status":"closed","template":"","meta":{"_et_pb_use_builder":"on","_et_pb_old_content":"","_et_gb_content_width":"","footnotes":""},"class_list":["post-1916","page","type-page","status-publish","hentry"],"_links":{"self":[{"href":"https:\/\/marion-gruebel.de\/marion-odile\/wp-json\/wp\/v2\/pages\/1916","targetHints":{"allow":["GET"]}}],"collection":[{"href":"https:\/\/marion-gruebel.de\/marion-odile\/wp-json\/wp\/v2\/pages"}],"about":[{"href":"https:\/\/marion-gruebel.de\/marion-odile\/wp-json\/wp\/v2\/types\/page"}],"author":[{"embeddable":true,"href":"https:\/\/marion-gruebel.de\/marion-odile\/wp-json\/wp\/v2\/users\/1"}],"replies":[{"embeddable":true,"href":"https:\/\/marion-gruebel.de\/marion-odile\/wp-json\/wp\/v2\/comments?post=1916"}],"version-history":[{"count":13,"href":"https:\/\/marion-gruebel.de\/marion-odile\/wp-json\/wp\/v2\/pages\/1916\/revisions"}],"predecessor-version":[{"id":1992,"href":"https:\/\/marion-gruebel.de\/marion-odile\/wp-json\/wp\/v2\/pages\/1916\/revisions\/1992"}],"wp:attachment":[{"href":"https:\/\/marion-gruebel.de\/marion-odile\/wp-json\/wp\/v2\/media?parent=1916"}],"curies":[{"name":"wp","href":"https:\/\/api.w.org\/{rel}","templated":true}]}}