{"id":2348,"date":"2025-05-30T20:56:55","date_gmt":"2025-05-30T18:56:55","guid":{"rendered":"https:\/\/marion-gruebel.de\/marion-odile\/?page_id=2348"},"modified":"2026-04-20T23:47:42","modified_gmt":"2026-04-20T21:47:42","slug":"seminarreise-nach-suedfrankreich","status":"publish","type":"page","link":"https:\/\/marion-gruebel.de\/marion-odile\/seminarreise-nach-suedfrankreich\/","title":{"rendered":"Seminarreise nach S\u00fcdfrankreich 2026"},"content":{"rendered":"<p>[et_pb_section fb_built=&#8220;1&#8243; _builder_version=&#8220;4.16&#8243; custom_margin=&#8220;||||false|false&#8220; custom_padding=&#8220;0px|||||&#8220; global_colors_info=&#8220;{}&#8220;][et_pb_row _builder_version=&#8220;4.16&#8243; global_colors_info=&#8220;{}&#8220;][et_pb_column type=&#8220;4_4&#8243; _builder_version=&#8220;4.16&#8243; global_colors_info=&#8220;{}&#8220;][et_pb_text _builder_version=&#8220;4.27.0&#8243; header_font=&#8220;Alex Brush||||||||&#8220; header_font_size=&#8220;43px&#8220; header_3_font=&#8220;Lato||||||||&#8220; header_3_font_size=&#8220;17px&#8220; header_3_line_height=&#8220;1.6em&#8220; global_colors_info=&#8220;{}&#8220;]<\/p>\n<h1 class=\"p1\" style=\"text-align: center;\">Seminarreise nach S\u00fcdfrankreich<\/h1>\n<h3 style=\"text-align: center;\"><b>vom 24. Mai &#8211; 30. Mai 2027<\/b><\/h3>\n<p style=\"text-align: center;\"><b><\/b><\/p>\n<h2 style=\"text-align: center;\">Auf den Spuren der Marien,<\/h2>\n<h2 style=\"text-align: center;\">der Maria Magdalena, der Katharer und der Liebe selbst \u2728<\/h2>\n<h3 style=\"text-align: center;\"><span>Die s\u00fcdfranz\u00f6sische Legende besagt, dass die schwangere Maria Magdalena <\/span><span>zusammen\u00a0mit Maria Kleophas, Maria Salome und <\/span><\/h3>\n<h3 style=\"text-align: center;\"><span>Martha von Bethanien aus Pal\u00e4stina mit einem Schiff geflohen sind und in der Camargue gelandet sind, und zwar in dem Ort, <\/span><\/h3>\n<h3 style=\"text-align: center;\"><span>der sp\u00e4ter nach den heiligen Marien benannt wurde:<\/span><\/h3>\n<h3 style=\"text-align: center;\"><span><b>Les-Saintes-Maries-de-la-Mer.<\/b><\/span><\/h3>\n<p>[\/et_pb_text][et_pb_image src=&#8220;https:\/\/marion-gruebel.de\/wp-content\/uploads\/2025\/05\/34e3049e-5e29-4479-9364-12058d00db2f-1.jpg&#8220; title_text=&#8220;34e3049e-5e29-4479-9364-12058d00db2f&#8220; _builder_version=&#8220;4.27.4&#8243; _module_preset=&#8220;default&#8220; global_colors_info=&#8220;{}&#8220;][\/et_pb_image][et_pb_text _builder_version=&#8220;4.27.0&#8243; header_font=&#8220;Alex Brush||||||||&#8220; header_font_size=&#8220;43px&#8220; header_3_font=&#8220;Lato||||||||&#8220; header_3_font_size=&#8220;17px&#8220; header_3_line_height=&#8220;1.6em&#8220; global_colors_info=&#8220;{}&#8220;]<\/p>\n<h3 style=\"text-align: center;\"><\/h3>\n<h3 style=\"text-align: center;\">Maria Magdalena, Seelengef\u00e4hrtin von Jesus, eingeweihte und Isispriesterin, hat viele Jahre in S\u00fcdfrankreich gelebt, geheilt und gewirkt. Viele Orte sind Zeugnisse davon und ihre Kraft ist sehr deutlich sp\u00fcrbar, dass wir in gro\u00dfer Demut und Liebe uns davon ergreifen lassen k\u00f6nnen.<\/h3>\n<h3 style=\"text-align: center;\">Auf unserer Reise werden wir auf den Pfaden des inneren Archetypen der Maria Magdalena wandeln. Dieser steht f\u00fcr UR-Weiblichkeit, Seelengef\u00e4hrtin, Partnerin auf Augenh\u00f6he, Hingabe, bedingungslose umkonditionierte Liebe, empfangende, liebende, gebende Mutter, verk\u00f6rperte Spiritualit\u00e4t, Spiritualit\u00e4t im Alltag leben, Heilen, G\u00fcte, Vertrauen, Milde, heilige Partnerschaft, heilige Sexualit\u00e4t.<\/h3>\n<h3 style=\"text-align: center;\">An den von uns besuchten Orten werden wir von dieser starken weiblichen transformierenden Kraft erfasst, egal ob Du Frau oder Mann bist.<\/h3>\n<h3 style=\"text-align: center;\">Diese Reise ist f\u00fcr ALLE, die tiefer in das Mysterium<\/h3>\n<h3 style=\"text-align: center;\">der universellen Liebe eintauchen m\u00f6chten, geeignet.<\/h3>\n<div>\n<h3 class=\"p1\" style=\"text-align: center;\"><span>Das gro\u00dfe Anliegen ist es,<\/span><\/h3>\n<h3 class=\"p1\" style=\"text-align: center;\"><span>die wahrhafte weibliche und m\u00e4nnliche Kraft<\/span><\/h3>\n<h3 class=\"p1\" style=\"text-align: center;\"><span>IN uns wieder zu entdecken und lebendig werden zu lassen<\/span><\/h3>\n<h3 class=\"p1\" style=\"text-align: center;\"><span>und diese in unserer ganz einzigartigen Art und <\/span><span>Weise<\/span><span> in die Welt zu tragen.<\/span><\/h3>\n<p class=\"p1\"><span>\u00a0<\/span><\/p>\n<\/div>\n<h3 style=\"text-align: center;\">Auf unserer Reise begeben wir uns auch auf die Spuren der\u00a0Katharer.<\/h3>\n<h3 style=\"text-align: center;\">Hier k\u00f6nnen wir uns an die Kirche der Liebe erinnern lassen.<\/h3>\n<h3 style=\"text-align: center;\">Ihre St\u00fctzmauern sind die Freiheit und die Wahrheit im Fluss der Liebe.<\/h3>\n<h3 style=\"text-align: center;\">Sei bereit f\u00fcr die Geburt der neuen Gemeinschaft.<\/h3>\n<p style=\"text-align: center;\">\n<p style=\"text-align: center;\"><span><b><\/b><\/span><\/p>\n<p>[\/et_pb_text][\/et_pb_column][\/et_pb_row][et_pb_row column_structure=&#8220;3_4,1_4&#8243; _builder_version=&#8220;4.16&#8243; global_colors_info=&#8220;{}&#8220;][et_pb_column type=&#8220;3_4&#8243; _builder_version=&#8220;4.16&#8243; global_colors_info=&#8220;{}&#8220;][et_pb_text _builder_version=&#8220;4.27.0&#8243; header_3_font=&#8220;Lato||||||||&#8220; header_3_font_size=&#8220;17px&#8220; header_5_font=&#8220;Rosario||||||||&#8220; header_5_text_color=&#8220;#a48623&#8243; global_colors_info=&#8220;{}&#8220;]<\/p>\n<h2 style=\"font-weight: 400;\">Unsere Unterkunft befindet sich in Aigues-Mortes.<\/h2>\n<p style=\"font-weight: 400;\">Von dort aus begeben wir uns auf die Spuren der Marien und der\u00a0Katharer.<\/p>\n<p><strong>\u2728 Ste. Maries-de-la-Mer <\/strong><strong>Prozession der Marien\u00a0<\/strong><\/p>\n<p><strong>\u2728 Saint-Maximin-la-Sainte-Baume &#8211; Kirche<\/strong><\/p>\n<p><strong>\u2728 Die Grotte der Maria Magdalena in Sainte-Baume.\u00a0<\/strong><\/p>\n<p><strong>\u2728 Les Baux de Provence \u2013 Bergdorf\u00a0<\/strong><\/p>\n<p><strong>\u2728 Ort und Berg Bugarach; <\/strong><strong>\u00c9glise Ste. Marie Madeleine; <\/strong><strong>Chateau de Montsegur\u00a0<\/strong><\/p>\n<p><strong><span>\u2728 <\/span><\/strong><strong>Cassis &#8211; Bootstour auf dem Meer<\/strong><\/p>\n<p><strong><span>\u2728 Aigues-Mortes &#8211; Bootstour<\/span><\/strong><strong><\/strong><\/p>\n<p><strong><span>\u2728 Freie Zeit am Meer<\/span><\/strong><\/p>\n<p><strong><\/strong><\/p>\n<h5><\/h5>\n<h5><span class=\"s1\"><\/span><\/h5>\n<h3>Ruth und Marion Odile freuen sich auf DICH auf den Spuren der Liebe mit Dir zu wandeln\u2728<\/h3>\n<p>[\/et_pb_text][et_pb_button button_url=&#8220;mailto:mg@marion-gruebel.de&#8220; url_new_window=&#8220;on&#8220; button_text=&#8220;Ich m\u00f6chte dabei sein.&#8220; button_alignment=&#8220;left&#8220; _builder_version=&#8220;4.27.0&#8243; custom_button=&#8220;on&#8220; button_text_size=&#8220;15px&#8220; button_text_color=&#8220;#ffffff&#8220; button_bg_color=&#8220;#a48623&#8243; button_border_width=&#8220;5px&#8220; button_border_color=&#8220;#a48623&#8243; button_border_radius=&#8220;0px&#8220; button_font=&#8220;Lato|||on|||||&#8220; global_colors_info=&#8220;{}&#8220;][\/et_pb_button][\/et_pb_column][et_pb_column type=&#8220;1_4&#8243; _builder_version=&#8220;4.16&#8243; global_colors_info=&#8220;{}&#8220;][et_pb_image src=&#8220;https:\/\/marion-gruebel.de\/wp-content\/uploads\/2025\/05\/PHOTO-2025-05-30-12-32-23.jpg&#8220; title_text=&#8220;PHOTO-2025-05-30-12-32-23&#8243; _builder_version=&#8220;4.27.4&#8243; global_colors_info=&#8220;{}&#8220;][\/et_pb_image][\/et_pb_column][\/et_pb_row][et_pb_row column_structure=&#8220;1_4,1_4,1_4,1_4&#8243; _builder_version=&#8220;4.27.4&#8243; _module_preset=&#8220;default&#8220; global_colors_info=&#8220;{}&#8220;][et_pb_column type=&#8220;1_4&#8243; _builder_version=&#8220;4.27.4&#8243; _module_preset=&#8220;default&#8220; global_colors_info=&#8220;{}&#8220;][et_pb_image src=&#8220;https:\/\/marion-gruebel.de\/wp-content\/uploads\/2025\/05\/PHOTO-2025-05-30-12-32-24.jpg&#8220; title_text=&#8220;PHOTO-2025-05-30-12-32-24&#8243; _builder_version=&#8220;4.27.4&#8243; _module_preset=&#8220;default&#8220; global_colors_info=&#8220;{}&#8220;][\/et_pb_image][\/et_pb_column][et_pb_column type=&#8220;1_4&#8243; _builder_version=&#8220;4.27.4&#8243; _module_preset=&#8220;default&#8220; global_colors_info=&#8220;{}&#8220;][et_pb_image src=&#8220;https:\/\/marion-gruebel.de\/wp-content\/uploads\/2025\/05\/PHOTO-2025-05-30-12-41-11.jpg&#8220; title_text=&#8220;PHOTO-2025-05-30-12-41-11&#8243; _builder_version=&#8220;4.27.4&#8243; _module_preset=&#8220;default&#8220; global_colors_info=&#8220;{}&#8220;][\/et_pb_image][\/et_pb_column][et_pb_column type=&#8220;1_4&#8243; _builder_version=&#8220;4.27.4&#8243; _module_preset=&#8220;default&#8220; global_colors_info=&#8220;{}&#8220;][et_pb_image src=&#8220;https:\/\/marion-gruebel.de\/wp-content\/uploads\/2025\/05\/PHOTO-2025-05-30-12-38-39.jpg&#8220; title_text=&#8220;PHOTO-2025-05-30-12-38-39&#8243; _builder_version=&#8220;4.27.4&#8243; _module_preset=&#8220;default&#8220; global_colors_info=&#8220;{}&#8220;][\/et_pb_image][\/et_pb_column][et_pb_column type=&#8220;1_4&#8243; _builder_version=&#8220;4.27.4&#8243; _module_preset=&#8220;default&#8220; global_colors_info=&#8220;{}&#8220;][et_pb_image src=&#8220;https:\/\/marion-gruebel.de\/wp-content\/uploads\/2025\/05\/PHOTO-2025-05-30-12-38-39-copy.jpg&#8220; title_text=&#8220;PHOTO-2025-05-30-12-38-39 copy&#8220; _builder_version=&#8220;4.27.4&#8243; _module_preset=&#8220;default&#8220; global_colors_info=&#8220;{}&#8220;][\/et_pb_image][\/et_pb_column][\/et_pb_row][et_pb_row column_structure=&#8220;1_3,1_3,1_3&#8243; _builder_version=&#8220;4.16&#8243; global_colors_info=&#8220;{}&#8220;][et_pb_column type=&#8220;1_3&#8243; _builder_version=&#8220;4.16&#8243; global_colors_info=&#8220;{}&#8220;][et_pb_text _builder_version=&#8220;4.16&#8243; header_font_size=&#8220;37px&#8220; global_colors_info=&#8220;{}&#8220;]<\/p>\n<h1 style=\"text-align: center;\">Meine\u00a0 Angebote<\/h1>\n<p>[\/et_pb_text][et_pb_image src=&#8220;https:\/\/marion-gruebel.de\/wp-content\/uploads\/2017\/07\/TT_Rose-Kopie.jpg&#8220; _builder_version=&#8220;4.16&#8243; global_colors_info=&#8220;{}&#8220;][\/et_pb_image][et_pb_button url_new_window=&#8220;on&#8220; button_text=&#8220;Zu meinen Angeboten&#8220; button_alignment=&#8220;center&#8220; _builder_version=&#8220;4.16&#8243; custom_button=&#8220;on&#8220; button_text_size=&#8220;15px&#8220; button_text_color=&#8220;#ffffff&#8220; button_bg_color=&#8220;#a48623&#8243; button_border_width=&#8220;5px&#8220; button_border_color=&#8220;#a48623&#8243; button_border_radius=&#8220;0px&#8220; button_font=&#8220;Lato|||on|||||&#8220; global_colors_info=&#8220;{}&#8220;][\/et_pb_button][\/et_pb_column][et_pb_column type=&#8220;1_3&#8243; _builder_version=&#8220;4.16&#8243; global_colors_info=&#8220;{}&#8220;][et_pb_text _builder_version=&#8220;4.16&#8243; header_font_size=&#8220;37px&#8220; global_colors_info=&#8220;{}&#8220;]<\/p>\n<h1 style=\"text-align: center;\">Seminare<\/h1>\n<p>[\/et_pb_text][et_pb_image src=&#8220;https:\/\/marion-gruebel.de\/wp-content\/uploads\/2020\/08\/Garten-Gruppen-Seminar.jpg&#8220; _builder_version=&#8220;4.16&#8243; max_width=&#8220;77%&#8220; module_alignment=&#8220;center&#8220; global_colors_info=&#8220;{}&#8220;][\/et_pb_image][et_pb_button url_new_window=&#8220;on&#8220; button_text=&#8220;Zu meinen Seminaren&#8220; button_alignment=&#8220;center&#8220; _builder_version=&#8220;4.16&#8243; custom_button=&#8220;on&#8220; button_text_size=&#8220;15px&#8220; button_text_color=&#8220;#ffffff&#8220; button_bg_color=&#8220;#a48623&#8243; button_border_width=&#8220;5px&#8220; button_border_color=&#8220;#a48623&#8243; button_border_radius=&#8220;0px&#8220; button_font=&#8220;Lato|||on|||||&#8220; global_colors_info=&#8220;{}&#8220;][\/et_pb_button][\/et_pb_column][et_pb_column type=&#8220;1_3&#8243; _builder_version=&#8220;4.16&#8243; global_colors_info=&#8220;{}&#8220;][et_pb_text _builder_version=&#8220;4.16&#8243; header_font_size=&#8220;37px&#8220; global_colors_info=&#8220;{}&#8220;]<\/p>\n<h1 style=\"text-align: center;\">Mein Blog<\/h1>\n<p>[\/et_pb_text][et_pb_image src=&#8220;https:\/\/marion-gruebel.de\/wp-content\/uploads\/2019\/11\/Regenbogen.jpg&#8220; _builder_version=&#8220;4.16&#8243; max_width=&#8220;78%&#8220; module_alignment=&#8220;center&#8220; global_colors_info=&#8220;{}&#8220;][\/et_pb_image][et_pb_button url_new_window=&#8220;on&#8220; button_text=&#8220;Zu meinem Blog&#8220; button_alignment=&#8220;center&#8220; _builder_version=&#8220;4.16&#8243; custom_button=&#8220;on&#8220; button_text_size=&#8220;15px&#8220; button_text_color=&#8220;#ffffff&#8220; button_bg_color=&#8220;#a48623&#8243; button_border_width=&#8220;5px&#8220; button_border_color=&#8220;#a48623&#8243; button_border_radius=&#8220;0px&#8220; button_font=&#8220;Lato|||on|||||&#8220; global_colors_info=&#8220;{}&#8220;][\/et_pb_button][\/et_pb_column][\/et_pb_row][\/et_pb_section]<\/p>\n<span class=\"et_bloom_bottom_trigger\"><\/span>","protected":false},"excerpt":{"rendered":"<p>Seminarreise nach S\u00fcdfrankreich vom 24. Mai &#8211; 30. Mai 2027 Auf den Spuren der Marien, der Maria Magdalena, der Katharer und der Liebe selbst \u2728 Die s\u00fcdfranz\u00f6sische Legende besagt, dass die schwangere Maria Magdalena zusammen\u00a0mit Maria Kleophas, Maria Salome und Martha von Bethanien aus Pal\u00e4stina mit einem Schiff geflohen sind und in der Camargue gelandet [&hellip;]<\/p>\n","protected":false},"author":1,"featured_media":0,"parent":0,"menu_order":0,"comment_status":"closed","ping_status":"closed","template":"","meta":{"_et_pb_use_builder":"on","_et_pb_old_content":"","_et_gb_content_width":"","footnotes":""},"class_list":["post-2348","page","type-page","status-publish","hentry"],"_links":{"self":[{"href":"https:\/\/marion-gruebel.de\/marion-odile\/wp-json\/wp\/v2\/pages\/2348","targetHints":{"allow":["GET"]}}],"collection":[{"href":"https:\/\/marion-gruebel.de\/marion-odile\/wp-json\/wp\/v2\/pages"}],"about":[{"href":"https:\/\/marion-gruebel.de\/marion-odile\/wp-json\/wp\/v2\/types\/page"}],"author":[{"embeddable":true,"href":"https:\/\/marion-gruebel.de\/marion-odile\/wp-json\/wp\/v2\/users\/1"}],"replies":[{"embeddable":true,"href":"https:\/\/marion-gruebel.de\/marion-odile\/wp-json\/wp\/v2\/comments?post=2348"}],"version-history":[{"count":8,"href":"https:\/\/marion-gruebel.de\/marion-odile\/wp-json\/wp\/v2\/pages\/2348\/revisions"}],"predecessor-version":[{"id":2434,"href":"https:\/\/marion-gruebel.de\/marion-odile\/wp-json\/wp\/v2\/pages\/2348\/revisions\/2434"}],"wp:attachment":[{"href":"https:\/\/marion-gruebel.de\/marion-odile\/wp-json\/wp\/v2\/media?parent=2348"}],"curies":[{"name":"wp","href":"https:\/\/api.w.org\/{rel}","templated":true}]}}