{"id":292,"date":"2017-07-26T07:58:07","date_gmt":"2017-07-26T07:58:07","guid":{"rendered":"http:\/\/marion-gruebel.de\/?page_id=292"},"modified":"2020-08-18T14:28:19","modified_gmt":"2020-08-18T14:28:19","slug":"seelenbegleitung","status":"publish","type":"page","link":"https:\/\/marion-gruebel.de\/marion-odile\/angebote\/seelenbegleitung\/","title":{"rendered":"Seelenbegleitung"},"content":{"rendered":"<p>[et_pb_section fb_built=&#8220;1&#8243; _builder_version=&#8220;4.3.4&#8243; custom_margin=&#8220;||||false|false&#8220; custom_padding=&#8220;0px|||||&#8220;][et_pb_row column_structure=&#8220;3_5,2_5&#8243; _builder_version=&#8220;4.3.4&#8243;][et_pb_column type=&#8220;3_5&#8243; _builder_version=&#8220;4.3.4&#8243;][et_pb_text _builder_version=&#8220;4.3.4&#8243; header_font=&#8220;Alex Brush||||||||&#8220; header_font_size=&#8220;43px&#8220; header_3_font=&#8220;Lato||||||||&#8220; header_3_font_size=&#8220;17px&#8220; hover_enabled=&#8220;0&#8243;]<\/p>\n<h1>Seelenbegleitung<span style=\"font-size: 16px;\">\u00a0<\/span><\/h1>\n<h2><span><\/span><\/h2>\n<h2><span><\/span><\/h2>\n<h2><span>&#8222;Ich freue mich Menschen in die Freude, die Leichtigkeit und in<\/span><\/h2>\n<h2><span>die Liebe zu sich selbst\u00a0und dem Leben zu begleiten&#8220;<\/span><\/h2>\n<p>[\/et_pb_text][\/et_pb_column][et_pb_column type=&#8220;2_5&#8243; _builder_version=&#8220;4.3.4&#8243;][et_pb_image src=&#8220;https:\/\/marion-gruebel.de\/wp-content\/uploads\/2017\/12\/Traumfa\u0308nger.jpeg&#8220; _builder_version=&#8220;4.3.4&#8243; width=&#8220;44%&#8220; hover_enabled=&#8220;0&#8243; module_alignment=&#8220;center&#8220;][\/et_pb_image][\/et_pb_column][\/et_pb_row][et_pb_row _builder_version=&#8220;4.3.4&#8243;][et_pb_column type=&#8220;4_4&#8243; _builder_version=&#8220;4.3.4&#8243;][et_pb_divider color=&#8220;rgba(0,0,0,0.2)&#8220; _builder_version=&#8220;4.3.4&#8243;][\/et_pb_divider][\/et_pb_column][\/et_pb_row][et_pb_row _builder_version=&#8220;4.3.4&#8243;][et_pb_column type=&#8220;4_4&#8243; _builder_version=&#8220;4.3.4&#8243;][et_pb_text _builder_version=&#8220;4.3.4&#8243; header_5_font=&#8220;Rosario||||||||&#8220; header_5_text_color=&#8220;#a48623&#8243; hover_enabled=&#8220;0&#8243;]<\/p>\n<p>Unbewusst \u00fcbernehmen wir die Gedanken und Gef\u00fchle unserer Eltern und unseres Umfeldes ohne dies jemals \u00fcberpr\u00fcft zu haben ob dies auch unsere Wahrheit ist. Dies ist ein <span><strong>Bewusstwerdungsprozess<\/strong><\/span> und wir l\u00f6sen Schicht f\u00fcr Schicht alte Konditionierungen ab. In der Regel begeben wir uns erst dann in den Prozess, wenn uns \u00e4u\u00dfere Faktoren dazu zwingen.<\/p>\n<h5>Zum Beispiel eine Krankheit, Auff\u00e4lligkeiten der Kinder, Probleme in der Partnerschaft, Konflikte am Arbeitsplatz oder die Frage nach dem Sinn des Lebens.<\/h5>\n<p>\u00a0Mir ist es eine Freude und eine Ehre zugleich, dabei sein zu d\u00fcrfen Menschen <span><strong>in die Liebe zu sich selbst<\/strong><\/span> zu begleiten und ihr <span><strong>Potenzial mehr und mehr zu entfalten<\/strong>.<\/span><\/p>\n<h2><span><\/span><\/h2>\n<h2><span>Ich begleite die Menschen in ihr Gef\u00fchl und dabei bei sich selbst anzukommen.\u00a0<\/span><\/h2>\n<p>Dabei sch\u00f6pfe ich aus einem <a href=\"http:\/\/marion-gruebel.de\/methoden\">breiten Repertoire<\/a>, welches ich mir \u00fcber\u00a0Selbsterfahrungen und Ausbildungen angeeignet habe.<\/p>\n<p>[\/et_pb_text][\/et_pb_column][\/et_pb_row][et_pb_row _builder_version=&#8220;4.3.4&#8243;][et_pb_column type=&#8220;4_4&#8243; _builder_version=&#8220;4.3.4&#8243;][et_pb_divider color=&#8220;rgba(0,0,0,0.2)&#8220; _builder_version=&#8220;4.3.4&#8243;][\/et_pb_divider][\/et_pb_column][\/et_pb_row][et_pb_row column_structure=&#8220;1_3,1_3,1_3&#8243; _builder_version=&#8220;4.3.4&#8243;][et_pb_column type=&#8220;1_3&#8243; _builder_version=&#8220;4.3.4&#8243;][et_pb_text _builder_version=&#8220;4.3.4&#8243; header_font_size=&#8220;37px&#8220;]<\/p>\n<h1 style=\"text-align: center;\">Meine\u00a0 Angebote<\/h1>\n<p>[\/et_pb_text][et_pb_image src=&#8220;https:\/\/marion-gruebel.de\/wp-content\/uploads\/2017\/07\/TT_Rose-Kopie.jpg&#8220; _builder_version=&#8220;4.3.4&#8243;][\/et_pb_image][et_pb_button url_new_window=&#8220;on&#8220; button_text=&#8220;Zu meinen Angeboten&#8220; button_alignment=&#8220;center&#8220; _builder_version=&#8220;4.3.4&#8243; custom_button=&#8220;on&#8220; button_text_size=&#8220;15px&#8220; button_text_color=&#8220;#ffffff&#8220; button_bg_color=&#8220;#a48623&#8243; button_border_width=&#8220;5px&#8220; button_border_color=&#8220;#a48623&#8243; button_border_radius=&#8220;0px&#8220; button_font=&#8220;Lato|||on|||||&#8220;][\/et_pb_button][\/et_pb_column][et_pb_column type=&#8220;1_3&#8243; _builder_version=&#8220;4.3.4&#8243;][et_pb_text _builder_version=&#8220;4.3.4&#8243; header_font_size=&#8220;37px&#8220;]<\/p>\n<h1 style=\"text-align: center;\">Seminare<\/h1>\n<p>[\/et_pb_text][et_pb_image src=&#8220;https:\/\/marion-gruebel.de\/wp-content\/uploads\/2020\/08\/Garten-Gruppen-Seminar.jpg&#8220; _builder_version=&#8220;4.3.4&#8243; max_width=&#8220;77%&#8220; module_alignment=&#8220;center&#8220;][\/et_pb_image][et_pb_button url_new_window=&#8220;on&#8220; button_text=&#8220;Zu meinen Seminaren&#8220; button_alignment=&#8220;center&#8220; _builder_version=&#8220;4.3.4&#8243; custom_button=&#8220;on&#8220; button_text_size=&#8220;15px&#8220; button_text_color=&#8220;#ffffff&#8220; button_bg_color=&#8220;#a48623&#8243; button_border_width=&#8220;5px&#8220; button_border_color=&#8220;#a48623&#8243; button_border_radius=&#8220;0px&#8220; button_font=&#8220;Lato|||on|||||&#8220;][\/et_pb_button][\/et_pb_column][et_pb_column type=&#8220;1_3&#8243; _builder_version=&#8220;4.3.4&#8243;][et_pb_text _builder_version=&#8220;4.3.4&#8243; header_font_size=&#8220;37px&#8220;]<\/p>\n<h1 style=\"text-align: center;\">Mein Blog<\/h1>\n<p>[\/et_pb_text][et_pb_image src=&#8220;https:\/\/marion-gruebel.de\/wp-content\/uploads\/2019\/11\/Regenbogen.jpg&#8220; _builder_version=&#8220;4.3.4&#8243; max_width=&#8220;78%&#8220; module_alignment=&#8220;center&#8220;][\/et_pb_image][et_pb_button url_new_window=&#8220;on&#8220; button_text=&#8220;Zu meinem Blog&#8220; button_alignment=&#8220;center&#8220; _builder_version=&#8220;4.3.4&#8243; custom_button=&#8220;on&#8220; button_text_size=&#8220;15px&#8220; button_text_color=&#8220;#ffffff&#8220; button_bg_color=&#8220;#a48623&#8243; button_border_width=&#8220;5px&#8220; button_border_color=&#8220;#a48623&#8243; button_border_radius=&#8220;0px&#8220; button_font=&#8220;Lato|||on|||||&#8220;][\/et_pb_button][\/et_pb_column][\/et_pb_row][\/et_pb_section]<\/p>\n<span class=\"et_bloom_bottom_trigger\"><\/span>","protected":false},"excerpt":{"rendered":"<p>Seelenbegleitung\u00a0 &#8222;Ich freue mich Menschen in die Freude, die Leichtigkeit und in die Liebe zu sich selbst\u00a0und dem Leben zu begleiten&#8220; Unbewusst \u00fcbernehmen wir die Gedanken und Gef\u00fchle unserer Eltern und unseres Umfeldes ohne dies jemals \u00fcberpr\u00fcft zu haben ob dies auch unsere Wahrheit ist. Dies ist ein Bewusstwerdungsprozess und wir l\u00f6sen Schicht f\u00fcr Schicht [&hellip;]<\/p>\n","protected":false},"author":1,"featured_media":0,"parent":200,"menu_order":0,"comment_status":"closed","ping_status":"closed","template":"","meta":{"_et_pb_use_builder":"on","_et_pb_old_content":"","_et_gb_content_width":"","footnotes":""},"class_list":["post-292","page","type-page","status-publish","hentry"],"_links":{"self":[{"href":"https:\/\/marion-gruebel.de\/marion-odile\/wp-json\/wp\/v2\/pages\/292","targetHints":{"allow":["GET"]}}],"collection":[{"href":"https:\/\/marion-gruebel.de\/marion-odile\/wp-json\/wp\/v2\/pages"}],"about":[{"href":"https:\/\/marion-gruebel.de\/marion-odile\/wp-json\/wp\/v2\/types\/page"}],"author":[{"embeddable":true,"href":"https:\/\/marion-gruebel.de\/marion-odile\/wp-json\/wp\/v2\/users\/1"}],"replies":[{"embeddable":true,"href":"https:\/\/marion-gruebel.de\/marion-odile\/wp-json\/wp\/v2\/comments?post=292"}],"version-history":[{"count":15,"href":"https:\/\/marion-gruebel.de\/marion-odile\/wp-json\/wp\/v2\/pages\/292\/revisions"}],"predecessor-version":[{"id":1395,"href":"https:\/\/marion-gruebel.de\/marion-odile\/wp-json\/wp\/v2\/pages\/292\/revisions\/1395"}],"up":[{"embeddable":true,"href":"https:\/\/marion-gruebel.de\/marion-odile\/wp-json\/wp\/v2\/pages\/200"}],"wp:attachment":[{"href":"https:\/\/marion-gruebel.de\/marion-odile\/wp-json\/wp\/v2\/media?parent=292"}],"curies":[{"name":"wp","href":"https:\/\/api.w.org\/{rel}","templated":true}]}}