{"id":296,"date":"2017-07-26T07:59:33","date_gmt":"2017-07-26T07:59:33","guid":{"rendered":"http:\/\/marion-gruebel.de\/?page_id=296"},"modified":"2020-08-18T14:33:17","modified_gmt":"2020-08-18T14:33:17","slug":"ho-oponopono","status":"publish","type":"page","link":"https:\/\/marion-gruebel.de\/marion-odile\/angebote\/ho-oponopono\/","title":{"rendered":"Ho&#8216; oponopono"},"content":{"rendered":"<p>[et_pb_section fb_built=&#8220;1&#8243; _builder_version=&#8220;4.3.4&#8243; custom_margin=&#8220;||||false|false&#8220; custom_padding=&#8220;0px|||||&#8220;][et_pb_row column_structure=&#8220;3_5,2_5&#8243; _builder_version=&#8220;4.3.4&#8243;][et_pb_column type=&#8220;3_5&#8243; _builder_version=&#8220;4.3.4&#8243;][et_pb_text _builder_version=&#8220;4.3.4&#8243; header_font=&#8220;Alex Brush||||||||&#8220; header_font_size=&#8220;43px&#8220; header_3_font=&#8220;Lato||||||||&#8220; header_3_font_size=&#8220;17px&#8220; hover_enabled=&#8220;0&#8243;]<\/p>\n<h1>Ho&#8216; oponopono<\/h1>\n<h2><span><\/span><\/h2>\n<h2><span><\/span><\/h2>\n<h2><span><\/span><\/h2>\n<h2><span>&#8220; Alles Lieben lernen.&#8220;<\/span><\/h2>\n<div><\/div>\n<p>[\/et_pb_text][\/et_pb_column][et_pb_column type=&#8220;2_5&#8243; _builder_version=&#8220;4.3.4&#8243;][et_pb_image src=&#8220;https:\/\/marion-gruebel.de\/wp-content\/uploads\/2017\/07\/Engel-K\u00fcchentisch-1.png&#8220; _builder_version=&#8220;4.3.4&#8243; width=&#8220;44%&#8220; module_alignment=&#8220;center&#8220; hover_enabled=&#8220;0&#8243;][\/et_pb_image][\/et_pb_column][\/et_pb_row][et_pb_row _builder_version=&#8220;4.3.4&#8243;][et_pb_column type=&#8220;4_4&#8243; _builder_version=&#8220;4.3.4&#8243;][et_pb_divider color=&#8220;rgba(0,0,0,0.2)&#8220; _builder_version=&#8220;4.3.4&#8243;][\/et_pb_divider][\/et_pb_column][\/et_pb_row][et_pb_row _builder_version=&#8220;4.3.4&#8243;][et_pb_column type=&#8220;4_4&#8243; _builder_version=&#8220;4.3.4&#8243;][et_pb_text _builder_version=&#8220;4.3.4&#8243; header_5_font=&#8220;Rosario||||||||&#8220; header_5_text_color=&#8220;#a48623&#8243; hover_enabled=&#8220;0&#8243;]<\/p>\n<div><span><strong>Ho`o<\/strong>\u00a0<\/span> \u00a0~ \u00a0 etwas tun\/ etwas <span>verursachen<\/span><\/div>\n<div><span><strong>pono<\/strong><\/span>\u00a0 ~ \u00a0<span>ausgleichen<\/span>, in Balance bringen<\/div>\n<div><span><strong>pono<\/strong><\/span>\u00a0 ~ \u00a0zweimal\/ mehrmals <span>richtig viel ausgleichen<\/span><\/div>\n<h5><span><\/span><\/h5>\n<h5><span><\/span><\/h5>\n<h5><span>Wir sehen uns die Themen systematisch an:<em><br \/> <\/em><\/span><\/h5>\n<ul>\n<li>K\u00f6rperliche Symptome<\/li>\n<li>Lebensthemen<\/li>\n<li><a href=\"http:\/\/marion-gruebel.de\/focus-themen\/partnerschaft\">Partnerschaft<\/a><\/li>\n<li>Beruf<\/li>\n<li>Inneres Kind<\/li>\n<li>Vater\/ Mutter Themen<\/li>\n<\/ul>\n<p>Es geht jedoch IMMER um die <span>eigenen Gef\u00fchle<\/span>, die diese Situationen ausl\u00f6sen. Diese d\u00fcrfen wir lieben lernen und wir bemerken dann, dass dies unsere <span>wahren Kraftquellen<\/span> sind. Wenn\u00a0wir diese weiterhin verweigern anzunehmen, werden wir nicht unser ganzes sch\u00f6pferisches Potenzial leben k\u00f6nnen. Wenn wir die <span><strong>Haltung des Widerstandes aufgegeben<\/strong><\/span>, \u00f6ffnen sich die T\u00fcren.<\/p>\n<p>Der Weg in die Freiheit konfrontiert uns immer wieder neu mit Widerst\u00e4nden, Widerspr\u00fcchen und Konflikten.<\/p>\n<h2><span>Die Lektion ist\u00a0\u00a0<\/span><span>&#8222;Alles lieben zu lernen&#8220;\u00a0 \u00a0<\/span><\/h2>\n<p>Wenn wir das Leben als <span>Erkenntnisprozess<\/span> begreifen und verstehen, dass Erkenntnis immer nur in der Reibung mit der entgegengesetzten Polarit\u00e4t stattfindet, entdecken wir, dass <span><strong>\u00c4ngste und Widerst\u00e4nde zuverl\u00e4ssige Wegweiser<\/strong> <\/span>unseres inneren Wachstums sind.<\/p>\n<p>Deshalb sind<em> k\u00f6rperliche, emotionale und geistige Widerst\u00e4nde<\/em> und <em>Konflikte<\/em> niemals l\u00e4stige Defizite, die es wegzumachen gilt.\u00a0Sie sind <em>notwendige Bedingungen<\/em> daf\u00fcr, dass wir \u00fcberhaupt<strong><span> Freiheit, Gl\u00fcck<\/span> <\/strong>und<strong> <span>Sinn<\/span><\/strong> erfahren k\u00f6nnen.<\/p>\n<p>[\/et_pb_text][\/et_pb_column][\/et_pb_row][et_pb_row _builder_version=&#8220;4.3.4&#8243;][et_pb_column type=&#8220;4_4&#8243; _builder_version=&#8220;4.3.4&#8243;][et_pb_divider color=&#8220;rgba(0,0,0,0.2)&#8220; _builder_version=&#8220;4.3.4&#8243;][\/et_pb_divider][\/et_pb_column][\/et_pb_row][et_pb_row column_structure=&#8220;1_3,1_3,1_3&#8243; _builder_version=&#8220;4.3.4&#8243;][et_pb_column type=&#8220;1_3&#8243; _builder_version=&#8220;4.3.4&#8243;][et_pb_text _builder_version=&#8220;4.3.4&#8243; header_font_size=&#8220;37px&#8220;]<\/p>\n<h1 style=\"text-align: center;\">Meine\u00a0 Angebote<\/h1>\n<p>[\/et_pb_text][et_pb_image src=&#8220;https:\/\/marion-gruebel.de\/wp-content\/uploads\/2017\/07\/TT_Rose-Kopie.jpg&#8220; _builder_version=&#8220;4.3.4&#8243;][\/et_pb_image][et_pb_button url_new_window=&#8220;on&#8220; button_text=&#8220;Zu meinen Angeboten&#8220; button_alignment=&#8220;center&#8220; _builder_version=&#8220;4.3.4&#8243; custom_button=&#8220;on&#8220; button_text_size=&#8220;15px&#8220; button_text_color=&#8220;#ffffff&#8220; button_bg_color=&#8220;#a48623&#8243; button_border_width=&#8220;5px&#8220; button_border_color=&#8220;#a48623&#8243; button_border_radius=&#8220;0px&#8220; button_font=&#8220;Lato|||on|||||&#8220;][\/et_pb_button][\/et_pb_column][et_pb_column type=&#8220;1_3&#8243; _builder_version=&#8220;4.3.4&#8243;][et_pb_text _builder_version=&#8220;4.3.4&#8243; header_font_size=&#8220;37px&#8220;]<\/p>\n<h1 style=\"text-align: center;\">Seminare<\/h1>\n<p>[\/et_pb_text][et_pb_image src=&#8220;https:\/\/marion-gruebel.de\/wp-content\/uploads\/2020\/08\/Garten-Gruppen-Seminar.jpg&#8220; _builder_version=&#8220;4.3.4&#8243; max_width=&#8220;77%&#8220; module_alignment=&#8220;center&#8220;][\/et_pb_image][et_pb_button url_new_window=&#8220;on&#8220; button_text=&#8220;Zu meinen Seminaren&#8220; button_alignment=&#8220;center&#8220; _builder_version=&#8220;4.3.4&#8243; custom_button=&#8220;on&#8220; button_text_size=&#8220;15px&#8220; button_text_color=&#8220;#ffffff&#8220; button_bg_color=&#8220;#a48623&#8243; button_border_width=&#8220;5px&#8220; button_border_color=&#8220;#a48623&#8243; button_border_radius=&#8220;0px&#8220; button_font=&#8220;Lato|||on|||||&#8220;][\/et_pb_button][\/et_pb_column][et_pb_column type=&#8220;1_3&#8243; _builder_version=&#8220;4.3.4&#8243;][et_pb_text _builder_version=&#8220;4.3.4&#8243; header_font_size=&#8220;37px&#8220;]<\/p>\n<h1 style=\"text-align: center;\">Mein Blog<\/h1>\n<p>[\/et_pb_text][et_pb_image src=&#8220;https:\/\/marion-gruebel.de\/wp-content\/uploads\/2019\/11\/Regenbogen.jpg&#8220; _builder_version=&#8220;4.3.4&#8243; max_width=&#8220;78%&#8220; module_alignment=&#8220;center&#8220;][\/et_pb_image][et_pb_button url_new_window=&#8220;on&#8220; button_text=&#8220;Zu meinem Blog&#8220; button_alignment=&#8220;center&#8220; _builder_version=&#8220;4.3.4&#8243; custom_button=&#8220;on&#8220; button_text_size=&#8220;15px&#8220; button_text_color=&#8220;#ffffff&#8220; button_bg_color=&#8220;#a48623&#8243; button_border_width=&#8220;5px&#8220; button_border_color=&#8220;#a48623&#8243; button_border_radius=&#8220;0px&#8220; button_font=&#8220;Lato|||on|||||&#8220;][\/et_pb_button][\/et_pb_column][\/et_pb_row][\/et_pb_section]<\/p>\n<span class=\"et_bloom_bottom_trigger\"><\/span>","protected":false},"excerpt":{"rendered":"<p>Ho&#8216; oponopono &#8220; Alles Lieben lernen.&#8220; Ho`o\u00a0 \u00a0~ \u00a0 etwas tun\/ etwas verursachen pono\u00a0 ~ \u00a0ausgleichen, in Balance bringen pono\u00a0 ~ \u00a0zweimal\/ mehrmals richtig viel ausgleichen Wir sehen uns die Themen systematisch an: K\u00f6rperliche Symptome Lebensthemen Partnerschaft Beruf Inneres Kind Vater\/ Mutter Themen Es geht jedoch IMMER um die eigenen Gef\u00fchle, die diese Situationen ausl\u00f6sen. [&hellip;]<\/p>\n","protected":false},"author":1,"featured_media":0,"parent":200,"menu_order":3,"comment_status":"closed","ping_status":"closed","template":"","meta":{"_et_pb_use_builder":"on","_et_pb_old_content":"","_et_gb_content_width":"","footnotes":""},"class_list":["post-296","page","type-page","status-publish","hentry"],"_links":{"self":[{"href":"https:\/\/marion-gruebel.de\/marion-odile\/wp-json\/wp\/v2\/pages\/296","targetHints":{"allow":["GET"]}}],"collection":[{"href":"https:\/\/marion-gruebel.de\/marion-odile\/wp-json\/wp\/v2\/pages"}],"about":[{"href":"https:\/\/marion-gruebel.de\/marion-odile\/wp-json\/wp\/v2\/types\/page"}],"author":[{"embeddable":true,"href":"https:\/\/marion-gruebel.de\/marion-odile\/wp-json\/wp\/v2\/users\/1"}],"replies":[{"embeddable":true,"href":"https:\/\/marion-gruebel.de\/marion-odile\/wp-json\/wp\/v2\/comments?post=296"}],"version-history":[{"count":18,"href":"https:\/\/marion-gruebel.de\/marion-odile\/wp-json\/wp\/v2\/pages\/296\/revisions"}],"predecessor-version":[{"id":1401,"href":"https:\/\/marion-gruebel.de\/marion-odile\/wp-json\/wp\/v2\/pages\/296\/revisions\/1401"}],"up":[{"embeddable":true,"href":"https:\/\/marion-gruebel.de\/marion-odile\/wp-json\/wp\/v2\/pages\/200"}],"wp:attachment":[{"href":"https:\/\/marion-gruebel.de\/marion-odile\/wp-json\/wp\/v2\/media?parent=296"}],"curies":[{"name":"wp","href":"https:\/\/api.w.org\/{rel}","templated":true}]}}