{"id":675,"date":"2018-04-16T10:45:37","date_gmt":"2018-04-16T10:45:37","guid":{"rendered":"http:\/\/marion-gruebel.de\/?page_id=675"},"modified":"2020-08-18T12:56:34","modified_gmt":"2020-08-18T12:56:34","slug":"maennlichkeit","status":"publish","type":"page","link":"https:\/\/marion-gruebel.de\/marion-odile\/focus-themen\/maennlichkeit\/","title":{"rendered":"M\u00e4nnlichkeit"},"content":{"rendered":"<p>[et_pb_section fb_built=&#8220;1&#8243; _builder_version=&#8220;4.3.4&#8243; custom_margin=&#8220;||||false|false&#8220; custom_padding=&#8220;0px|||||&#8220;][et_pb_row column_structure=&#8220;3_5,2_5&#8243; _builder_version=&#8220;4.3.4&#8243;][et_pb_column type=&#8220;3_5&#8243; _builder_version=&#8220;4.3.4&#8243;][et_pb_text _builder_version=&#8220;4.3.4&#8243; header_font=&#8220;Alex Brush||||||||&#8220; header_font_size=&#8220;43px&#8220; header_3_font=&#8220;Lato||||||||&#8220; header_3_font_size=&#8220;17px&#8220; hover_enabled=&#8220;0&#8243;]<\/p>\n<h1>M\u00e4nnliche Energie<\/h1>\n<h2><\/h2>\n<h2><\/h2>\n<h2>&#8222;M\u00e4nnliche Energie ist gebend und aktiv.<\/h2>\n<p>&nbsp;<\/p>\n<h2>Instinktiv will diese Energie, die weibliche Energie ins flie\u00dfen bringen ~ zum \u00fcber-flie\u00dfen bringen.<\/h2>\n<p>&nbsp;<\/p>\n<h2>\u00dcberflie\u00dfende Energie ist F\u00fclle.&#8220;<\/h2>\n<h3><\/h3>\n<p>[\/et_pb_text][\/et_pb_column][et_pb_column type=&#8220;2_5&#8243; _builder_version=&#8220;4.3.4&#8243;][et_pb_image src=&#8220;https:\/\/marion-gruebel.de\/wp-content\/uploads\/2018\/04\/Jesus.jpg&#8220; _builder_version=&#8220;4.3.4&#8243; width=&#8220;44%&#8220; hover_enabled=&#8220;0&#8243; module_alignment=&#8220;center&#8220;][\/et_pb_image][\/et_pb_column][\/et_pb_row][et_pb_row _builder_version=&#8220;4.3.4&#8243;][et_pb_column type=&#8220;4_4&#8243; _builder_version=&#8220;4.3.4&#8243;][et_pb_divider color=&#8220;rgba(0,0,0,0.2)&#8220; _builder_version=&#8220;4.3.4&#8243;][\/et_pb_divider][\/et_pb_column][\/et_pb_row][et_pb_row _builder_version=&#8220;4.3.4&#8243;][et_pb_column type=&#8220;4_4&#8243; _builder_version=&#8220;4.3.4&#8243;][et_pb_text _builder_version=&#8220;4.3.4&#8243; header_5_font=&#8220;Rosario||||||||&#8220; header_5_text_color=&#8220;#a48623&#8243; hover_enabled=&#8220;0&#8243;]<\/p>\n<h1>M\u00e4nnliche Energie<\/h1>\n<p>Die m\u00e4nnliche Energie ist <span>zielgerichtet<\/span>, <span>nach vorne oben gerichtet<\/span>. Sie verk\u00f6rpert die Energie des <span>Impulses der Idee<\/span>.<\/p>\n<h5>Die m\u00e4nnliche Energie ist geb\u00fcndelt.<\/h5>\n<h5>Das m\u00e4nnliche Prinzip ist <strong><span>STRUKTUR<\/span><\/strong>, ist <span><strong>HALTEND<\/strong><\/span> und <strong><span>AKTIV<\/span><\/strong>.<\/h5>\n<p>Der Drang nach Freiheit ist eine tiefe Sehnsucht im M\u00e4nnlichen. Es bedeutet nicht zu machen was ich will ~ dies w\u00fcrde letztlich zur Selbstzerst\u00f6rung f\u00fchren.\u00a0<strong><span>FREISEIN<\/span><\/strong> bedeutet das auszudr\u00fccken, <b>was in Dir vorgeht <\/b>und Entscheidungen<span> unabh\u00e4ngig von deinem \u00c4u\u00dferem Umfeld zu treffen<\/span>.<\/p>\n<p>Wenn die m\u00e4nnliche Energie aus der inneren Freiheit von ALLEM agiert, im WISSEN mit der VERBUNDENHEIT zur <strong>weiblichen Energie<\/strong>, ist diese Energie im Raum der Liebe <span>Halt gebend und Struktur schaffend<\/span>.<\/p>\n<h3>Heute leben wir in einer m\u00e4nnlich dominierten Gesellschaft. Dies dr\u00fcckt sich so aus:<\/h3>\n<blockquote>\n<p><em> \u201eMachen, Tun, Denken, Verstand, Vernunft, Kontrollieren, Arbeit, Eindringen, Einatmen, Trennen, Absto\u00dfen, Ablehnen, Verurteilen, Erobern, Macht, Sark sein, Erschaffen, Zerst\u00f6ren, Angreifen, Analysieren, Zeugen, Ungeduld, Entscheiden, Konkurrieren, &#8230;<\/em><\/p>\n<\/blockquote>\n<p>M\u00e4nnliche und weibliche Energie geh\u00f6ren als zwei Aspekte des einen Ganzen zusammen um die <span>Sch\u00f6pfung gemeinsam kraftvoll zu feiern<\/span>. Dieser Tanz darf aktiv in jeder Frau und in jedem Mann stattfinden.<\/p>\n<p>Beides harmonisch in Mann und Frau vereint, bildet die Grundlage f\u00fcr ein gl\u00fcckliches und erf\u00fclltes Leben aus dem eigenen Selbst heraus.<\/p>\n<p>[\/et_pb_text][\/et_pb_column][\/et_pb_row][et_pb_row _builder_version=&#8220;4.3.4&#8243;][et_pb_column type=&#8220;4_4&#8243; _builder_version=&#8220;4.3.4&#8243;][et_pb_divider color=&#8220;rgba(0,0,0,0.2)&#8220; _builder_version=&#8220;4.3.4&#8243;][\/et_pb_divider][\/et_pb_column][\/et_pb_row][et_pb_row column_structure=&#8220;1_3,1_3,1_3&#8243; _builder_version=&#8220;4.3.4&#8243;][et_pb_column type=&#8220;1_3&#8243; _builder_version=&#8220;4.3.4&#8243;][et_pb_text _builder_version=&#8220;4.3.4&#8243; header_font_size=&#8220;37px&#8220;]<\/p>\n<h1 style=\"text-align: center;\">Meine\u00a0 Angebote<\/h1>\n<p>[\/et_pb_text][et_pb_image src=&#8220;https:\/\/marion-gruebel.de\/wp-content\/uploads\/2017\/07\/TT_Rose-Kopie.jpg&#8220; _builder_version=&#8220;4.3.4&#8243;][\/et_pb_image][et_pb_button url_new_window=&#8220;on&#8220; button_text=&#8220;Zu meinen Angeboten&#8220; button_alignment=&#8220;center&#8220; _builder_version=&#8220;4.3.4&#8243; custom_button=&#8220;on&#8220; button_text_size=&#8220;15px&#8220; button_text_color=&#8220;#ffffff&#8220; button_bg_color=&#8220;#a48623&#8243; button_border_width=&#8220;5px&#8220; button_border_color=&#8220;#a48623&#8243; button_border_radius=&#8220;0px&#8220; button_font=&#8220;Lato|||on|||||&#8220;][\/et_pb_button][\/et_pb_column][et_pb_column type=&#8220;1_3&#8243; _builder_version=&#8220;4.3.4&#8243;][et_pb_text _builder_version=&#8220;4.3.4&#8243; header_font_size=&#8220;37px&#8220;]<\/p>\n<h1 style=\"text-align: center;\">Seminare<\/h1>\n<p>[\/et_pb_text][et_pb_image src=&#8220;https:\/\/marion-gruebel.de\/wp-content\/uploads\/2020\/08\/Garten-Gruppen-Seminar.jpg&#8220; _builder_version=&#8220;4.3.4&#8243; max_width=&#8220;77%&#8220; module_alignment=&#8220;center&#8220;][\/et_pb_image][et_pb_button url_new_window=&#8220;on&#8220; button_text=&#8220;Zu meinen Seminaren&#8220; button_alignment=&#8220;center&#8220; _builder_version=&#8220;4.3.4&#8243; custom_button=&#8220;on&#8220; button_text_size=&#8220;15px&#8220; button_text_color=&#8220;#ffffff&#8220; button_bg_color=&#8220;#a48623&#8243; button_border_width=&#8220;5px&#8220; button_border_color=&#8220;#a48623&#8243; button_border_radius=&#8220;0px&#8220; button_font=&#8220;Lato|||on|||||&#8220;][\/et_pb_button][\/et_pb_column][et_pb_column type=&#8220;1_3&#8243; _builder_version=&#8220;4.3.4&#8243;][et_pb_text _builder_version=&#8220;4.3.4&#8243; header_font_size=&#8220;37px&#8220;]<\/p>\n<h1 style=\"text-align: center;\">Mein Blog<\/h1>\n<p>[\/et_pb_text][et_pb_image src=&#8220;https:\/\/marion-gruebel.de\/wp-content\/uploads\/2019\/11\/Regenbogen.jpg&#8220; _builder_version=&#8220;4.3.4&#8243; max_width=&#8220;78%&#8220; module_alignment=&#8220;center&#8220;][\/et_pb_image][et_pb_button url_new_window=&#8220;on&#8220; button_text=&#8220;Zu meinem Blog&#8220; button_alignment=&#8220;center&#8220; _builder_version=&#8220;4.3.4&#8243; custom_button=&#8220;on&#8220; button_text_size=&#8220;15px&#8220; button_text_color=&#8220;#ffffff&#8220; button_bg_color=&#8220;#a48623&#8243; button_border_width=&#8220;5px&#8220; button_border_color=&#8220;#a48623&#8243; button_border_radius=&#8220;0px&#8220; button_font=&#8220;Lato|||on|||||&#8220;][\/et_pb_button][\/et_pb_column][\/et_pb_row][\/et_pb_section]<\/p>\n<span class=\"et_bloom_bottom_trigger\"><\/span>","protected":false},"excerpt":{"rendered":"<p>M\u00e4nnliche Energie &#8222;M\u00e4nnliche Energie ist gebend und aktiv. &nbsp; Instinktiv will diese Energie, die weibliche Energie ins flie\u00dfen bringen ~ zum \u00fcber-flie\u00dfen bringen. &nbsp; \u00dcberflie\u00dfende Energie ist F\u00fclle.&#8220; M\u00e4nnliche Energie Die m\u00e4nnliche Energie ist zielgerichtet, nach vorne oben gerichtet. Sie verk\u00f6rpert die Energie des Impulses der Idee. Die m\u00e4nnliche Energie ist geb\u00fcndelt. Das m\u00e4nnliche Prinzip [&hellip;]<\/p>\n","protected":false},"author":1,"featured_media":0,"parent":37,"menu_order":0,"comment_status":"closed","ping_status":"closed","template":"","meta":{"_et_pb_use_builder":"on","_et_pb_old_content":"","_et_gb_content_width":"","footnotes":""},"class_list":["post-675","page","type-page","status-publish","hentry"],"_links":{"self":[{"href":"https:\/\/marion-gruebel.de\/marion-odile\/wp-json\/wp\/v2\/pages\/675","targetHints":{"allow":["GET"]}}],"collection":[{"href":"https:\/\/marion-gruebel.de\/marion-odile\/wp-json\/wp\/v2\/pages"}],"about":[{"href":"https:\/\/marion-gruebel.de\/marion-odile\/wp-json\/wp\/v2\/types\/page"}],"author":[{"embeddable":true,"href":"https:\/\/marion-gruebel.de\/marion-odile\/wp-json\/wp\/v2\/users\/1"}],"replies":[{"embeddable":true,"href":"https:\/\/marion-gruebel.de\/marion-odile\/wp-json\/wp\/v2\/comments?post=675"}],"version-history":[{"count":18,"href":"https:\/\/marion-gruebel.de\/marion-odile\/wp-json\/wp\/v2\/pages\/675\/revisions"}],"predecessor-version":[{"id":1333,"href":"https:\/\/marion-gruebel.de\/marion-odile\/wp-json\/wp\/v2\/pages\/675\/revisions\/1333"}],"up":[{"embeddable":true,"href":"https:\/\/marion-gruebel.de\/marion-odile\/wp-json\/wp\/v2\/pages\/37"}],"wp:attachment":[{"href":"https:\/\/marion-gruebel.de\/marion-odile\/wp-json\/wp\/v2\/media?parent=675"}],"curies":[{"name":"wp","href":"https:\/\/api.w.org\/{rel}","templated":true}]}}