{"id":692,"date":"2018-04-17T09:07:51","date_gmt":"2018-04-17T09:07:51","guid":{"rendered":"http:\/\/marion-gruebel.de\/?page_id=692"},"modified":"2020-10-17T09:51:55","modified_gmt":"2020-10-17T09:51:55","slug":"impressum","status":"publish","type":"page","link":"https:\/\/marion-gruebel.de\/marion-odile\/der-weg-des-herzens\/kontakt\/impressum\/","title":{"rendered":"Impressum"},"content":{"rendered":"<p>[et_pb_section fb_built=&#8220;1&#8243; admin_label=&#8220;section&#8220; _builder_version=&#8220;3.22&#8243;][et_pb_row admin_label=&#8220;row&#8220; _builder_version=&#8220;3.25&#8243; background_size=&#8220;initial&#8220; background_position=&#8220;top_left&#8220; background_repeat=&#8220;repeat&#8220;][et_pb_column type=&#8220;4_4&#8243; _builder_version=&#8220;3.25&#8243; custom_padding=&#8220;|||&#8220; custom_padding__hover=&#8220;|||&#8220;][et_pb_text admin_label=&#8220;Text&#8220; _builder_version=&#8220;4.6.6&#8243; background_size=&#8220;initial&#8220; background_position=&#8220;top_left&#8220; background_repeat=&#8220;repeat&#8220; hover_enabled=&#8220;0&#8243; sticky_enabled=&#8220;0&#8243;]<\/p>\n<hr \/>\n<hr \/>\n<h3>Impressum ~ Der Weg des Herzens<\/h3>\n<div><span style=\"font-size: 14pt; color: #a48623;\">Marion Odile Gr\u00fcbel<\/span><br \/> Monzinger Stra\u00dfe 44<\/div>\n<div>55566 Bad Sobernheim<\/div>\n<div><\/div>\n<div>Telefon: +49 6751 3916<\/div>\n<div>E-Mail: <a href=\"mailto:info@marion-gruebel.de\" target=\"_blank\" rel=\"noopener noreferrer\">info@marion-gruebel.de<\/a><\/div>\n<div>Internet: <a href=\"http:\/\/www.marion-gruebel.de\" target=\"_blank\" rel=\"noopener noreferrer\">www.marion-gruebel.de<\/a><\/div>\n<div>Steuernummer: 06\/055\/30014<\/div>\n<hr \/>\n<h3>Inhaltlich Verantwortlicher gem\u00e4\u00df \u00a710 Absatz 3MDStV<\/h3>\n<div>Marion Odile Gr\u00fcbel<\/div>\n<hr \/>\n<h3>Das Impressum gilt auch f\u00fcr folgende Social Media Profile<\/h3>\n<div>Facebook:\u00a0<a href=\"https:\/\/www.facebook.com\/DerWegDesHerzens\/\" target=\"_blank\" rel=\"noopener noreferrer\">https:\/\/www.facebook.com\/DerWegDesHerzens\/<\/a><\/div>\n<div>Instagram:\u00a0<a href=\"https:\/\/www.instagram.com\/der_weg_des_herzens\/\" target=\"_blank\" rel=\"noopener noreferrer\">https:\/\/www.instagram.com\/der_weg_des_herzens\/<\/a><\/div>\n<hr \/>\n<h3>Haftungsausschluss<\/h3>\n<p class=\"bodytext\"><b>Haftung f\u00fcr Inhalte <\/b><br \/> Als Diensteanbieter bin ich gem\u00e4\u00df \u00a7 7 Abs.1 TMG f\u00fcr eigene Inhalte auf diesen Seiten nach den allgemeinen Gesetzen verantwortlich. Nach \u00a7\u00a7 8 bis 10 TMG bin ich als Diensteanbieter jedoch nicht verpflichtet, \u00fcbermittelte oder gespeicherte fremde Informationen zu \u00fcberwachen oder nach Umst\u00e4nden zu forschen, die auf eine rechtswidrige T\u00e4tigkeit hinweisen. Verpflichtungen zur Entfernung oder Sperrung der Nutzung von Informationen nach den allgemeinen Gesetzen bleiben hiervon unber\u00fchrt. Eine diesbez\u00fcgliche Haftung ist jedoch erst ab dem Zeitpunkt der Kenntnis einer konkreten Rechtsverletzung m\u00f6glich. Bei Bekanntwerden von entsprechenden Rechtsverletzungen werde ich diese Inhalte umgehend entfernen.<\/p>\n<p><b>Haftung f\u00fcr Links <\/b><br \/> Mein Angebot enth\u00e4lt Links zu externen Webseiten Dritter, auf deren Inhalte ich keinen Einfluss habe. Deshalb kann ich f\u00fcr diese fremden Inhalte auch keine Gew\u00e4hr \u00fcbernehmen. F\u00fcr die Inhalte der verlinkten Seiten ist stets der jeweilige Anbieter oder Betreiber der Seiten verantwortlich. &#8222;Der Weg des Herzens&#8220; hat keinen Einfluss auf Gestaltung und Inhalte fremder Internetseiten. Sie distanziert sich daher von allen fremden Inhalten, auch wenn von Seiten des &#8222;Der Weg des Herzens&#8220; auf diese externe Seiten ein Link gesetzt wurde. Die verlinkten Seiten wurden zum Zeitpunkt der Verlinkung auf m\u00f6gliche Rechtsverst\u00f6\u00dfe \u00fcberpr\u00fcft. Rechtswidrige Inhalte waren zum Zeitpunkt der Verlinkung nicht erkennbar. Eine permanente inhaltliche Kontrolle der verlinkten Seiten ist jedoch ohne konkrete Anhaltspunkte einer Rechtsverletzung nicht zumutbar. Bei Bekanntwerden von Rechtsverletzungen werden wir derartige Links umgehend entfernen.<\/p>\n<p><b>Urheberrecht <\/b><br \/> Die durch die Seitenbetreiber erstellten Inhalte und Werke auf diesen Seiten unterliegen dem deutschen Urheberrecht. Die Vervielf\u00e4ltigung, Bearbeitung, Verbreitung und jede Art der Verwertung au\u00dferhalb der Grenzen des Urheberrechtes bed\u00fcrfen der schriftlichen Zustimmung des jeweiligen Autors bzw. Erstellers. Downloads und Kopien dieser Seite sind nur f\u00fcr den privaten, nicht kommerziellen Gebrauch gestattet. Soweit die Inhalte auf dieser Seite nicht vom Betreiber erstellt wurden, werden die Urheberrechte Dritter beachtet. Insbesondere werden Inhalte Dritter als solche gekennzeichnet. Sollten Sie trotzdem auf eine Urheberrechtsverletzung aufmerksam werden, bitten wir um einen entsprechenden Hinweis. Bei Bekanntwerden von Rechtsverletzungen werden wir derartige Inhalte umgehend entfernen.<\/p>\n<p class=\"bodytext\">Quelle: <a href=\"http:\/\/www.e-recht24.de\/\" target=\"_blank\" rel=\"noopener noreferrer\">http:\/\/www.e-recht24.de<\/a><\/p>\n<hr \/>\n<h3 class=\"bodytext\">Design &amp; Gestaltung<\/h3>\n<div>Vanessa Gr\u00fcbel<\/div>\n<div>Monzinger Stra\u00dfe 44<\/div>\n<div>55566 Bad Sobernheim<\/div>\n<div><\/div>\n<div>E-Mail: <a href=\"mailto:va.gruebel@gmail.com\" target=\"_blank\" rel=\"noopener noreferrer\">va.gruebel@gmail.com\u00a0<\/a><\/div>\n<div>\n<hr \/>\n<hr \/>\n<\/div>\n<p>&nbsp;<\/p>\n<p>[\/et_pb_text][\/et_pb_column][\/et_pb_row][\/et_pb_section]<\/p>\n<span class=\"et_bloom_bottom_trigger\"><\/span>","protected":false},"excerpt":{"rendered":"<p>Impressum ~ Der Weg des Herzens Marion Odile Gr\u00fcbel Monzinger Stra\u00dfe 44 55566 Bad Sobernheim Telefon: +49 6751 3916 E-Mail: info@marion-gruebel.de Internet: www.marion-gruebel.de Steuernummer: 06\/055\/30014 Inhaltlich Verantwortlicher gem\u00e4\u00df \u00a710 Absatz 3MDStV Marion Odile Gr\u00fcbel Das Impressum gilt auch f\u00fcr folgende Social Media Profile Facebook:\u00a0https:\/\/www.facebook.com\/DerWegDesHerzens\/ Instagram:\u00a0https:\/\/www.instagram.com\/der_weg_des_herzens\/ Haftungsausschluss Haftung f\u00fcr Inhalte Als Diensteanbieter bin ich gem\u00e4\u00df \u00a7 [&hellip;]<\/p>\n","protected":false},"author":1,"featured_media":0,"parent":701,"menu_order":0,"comment_status":"closed","ping_status":"closed","template":"","meta":{"_et_pb_use_builder":"on","_et_pb_old_content":"<hr \/>\r\n\r\n\r\n\r\n<hr \/>\r\n\r\n<h3>Impressum ~ Der Weg des Herzens<\/h3>\r\n<div><span style=\"font-size: 14pt; color: #a48623;\">Marion Odile Gr\u00fcbel<\/span>\r\nMonzinger Stra\u00dfe 44<\/div>\r\n<div>55566 Bad Sobernheim<\/div>\r\n<div><\/div>\r\n<div>Telefon: +49 6751 3916<\/div>\r\n<div>E-Mail: <a href=\"mailto:mg@marion-gruebel.de\">mg@marion-gruebel.de<\/a><\/div>\r\n<div>Internet: <a href=\"http:\/\/www.marion-gruebel.de\" target=\"_blank\" rel=\"noopener\">www.marion-gruebel.de<\/a><\/div>\r\n<div>Steuernummer: 06\/055\/30014<\/div>\r\n\r\n<hr \/>\r\n\r\n<h3>Inhaltlich Verantwortlicher gem\u00e4\u00df \u00a710 Absatz 3MDStV<\/h3>\r\n<div>Marion Odile Gr\u00fcbel<\/div>\r\n\r\n<hr \/>\r\n\r\n<h3>Das Impressum gilt auch f\u00fcr folgende Social Media Profile<\/h3>\r\n<div>Facebook:\u00a0<a href=\"https:\/\/www.facebook.com\/DerWegDesHerzens\/\" target=\"_blank\" rel=\"noopener\">https:\/\/www.facebook.com\/DerWegDesHerzens\/<\/a><\/div>\r\n<div>Instagram:\u00a0<a href=\"https:\/\/www.instagram.com\/der_weg_des_herzens\/\" target=\"_blank\" rel=\"noopener\">https:\/\/www.instagram.com\/der_weg_des_herzens\/<\/a><\/div>\r\n\r\n<hr \/>\r\n\r\n<h3>Haftungsausschluss<\/h3>\r\n<p class=\"bodytext\"><b>Haftung f\u00fcr Inhalte <\/b>\r\nAls Diensteanbieter bin ich gem\u00e4\u00df \u00a7 7 Abs.1 TMG f\u00fcr eigene Inhalte auf diesen Seiten nach den allgemeinen Gesetzen verantwortlich. Nach \u00a7\u00a7 8 bis 10 TMG bin ich als Diensteanbieter jedoch nicht verpflichtet, \u00fcbermittelte oder gespeicherte fremde Informationen zu \u00fcberwachen oder nach Umst\u00e4nden zu forschen, die auf eine rechtswidrige T\u00e4tigkeit hinweisen. Verpflichtungen zur Entfernung oder Sperrung der Nutzung von Informationen nach den allgemeinen Gesetzen bleiben hiervon unber\u00fchrt. Eine diesbez\u00fcgliche Haftung ist jedoch erst ab dem Zeitpunkt der Kenntnis einer konkreten Rechtsverletzung m\u00f6glich. Bei Bekanntwerden von entsprechenden Rechtsverletzungen werde ich diese Inhalte umgehend entfernen.<\/p>\r\n<b>Haftung f\u00fcr Links <\/b>\r\nMein Angebot enth\u00e4lt Links zu externen Webseiten Dritter, auf deren Inhalte ich keinen Einfluss habe. Deshalb kann ich f\u00fcr diese fremden Inhalte auch keine Gew\u00e4hr \u00fcbernehmen. F\u00fcr die Inhalte der verlinkten Seiten ist stets der jeweilige Anbieter oder Betreiber der Seiten verantwortlich. \"Der Weg des Herzens\" hat keinen Einfluss auf Gestaltung und Inhalte fremder Internetseiten. Sie distanziert sich daher von allen fremden Inhalten, auch wenn von Seiten des \"Der Weg des Herzens\" auf diese externe Seiten ein Link gesetzt wurde. Die verlinkten Seiten wurden zum Zeitpunkt der Verlinkung auf m\u00f6gliche Rechtsverst\u00f6\u00dfe \u00fcberpr\u00fcft. Rechtswidrige Inhalte waren zum Zeitpunkt der Verlinkung nicht erkennbar. Eine permanente inhaltliche Kontrolle der verlinkten Seiten ist jedoch ohne konkrete Anhaltspunkte einer Rechtsverletzung nicht zumutbar. Bei Bekanntwerden von Rechtsverletzungen werden wir derartige Links umgehend entfernen.\r\n\r\n<b>Urheberrecht <\/b>\r\nDie durch die Seitenbetreiber erstellten Inhalte und Werke auf diesen Seiten unterliegen dem deutschen Urheberrecht. Die Vervielf\u00e4ltigung, Bearbeitung, Verbreitung und jede Art der Verwertung au\u00dferhalb der Grenzen des Urheberrechtes bed\u00fcrfen der schriftlichen Zustimmung des jeweiligen Autors bzw. Erstellers. Downloads und Kopien dieser Seite sind nur f\u00fcr den privaten, nicht kommerziellen Gebrauch gestattet. Soweit die Inhalte auf dieser Seite nicht vom Betreiber erstellt wurden, werden die Urheberrechte Dritter beachtet. Insbesondere werden Inhalte Dritter als solche gekennzeichnet. Sollten Sie trotzdem auf eine Urheberrechtsverletzung aufmerksam werden, bitten wir um einen entsprechenden Hinweis. Bei Bekanntwerden von Rechtsverletzungen werden wir derartige Inhalte umgehend entfernen.\r\n<p class=\"bodytext\">Quelle: <a href=\"http:\/\/www.e-recht24.de\/\" target=\"_blank\" rel=\"noopener\">http:\/\/www.e-recht24.de<\/a><\/p>\r\n\r\n\r\n<hr \/>\r\n\r\n<h3 class=\"bodytext\">Design & Gestaltung<\/h3>\r\n<div>Vanessa Gr\u00fcbel<\/div>\r\n<div>Monzinger Stra\u00dfe 44<\/div>\r\n<div>55566 Bad Sobernheim<\/div>\r\n<div><\/div>\r\n<div>E-Mail: <a href=\"mailto:va.gruebel@gmail.com\" target=\"_blank\" rel=\"noopener\">va.gruebel@gmail.com\u00a0<\/a><\/div>\r\n<div>\r\n\r\n<hr \/>\r\n\r\n\r\n\r\n<hr \/>\r\n\r\n<\/div>\r\n\u00a0","_et_gb_content_width":"","footnotes":""},"class_list":["post-692","page","type-page","status-publish","hentry"],"_links":{"self":[{"href":"https:\/\/marion-gruebel.de\/marion-odile\/wp-json\/wp\/v2\/pages\/692","targetHints":{"allow":["GET"]}}],"collection":[{"href":"https:\/\/marion-gruebel.de\/marion-odile\/wp-json\/wp\/v2\/pages"}],"about":[{"href":"https:\/\/marion-gruebel.de\/marion-odile\/wp-json\/wp\/v2\/types\/page"}],"author":[{"embeddable":true,"href":"https:\/\/marion-gruebel.de\/marion-odile\/wp-json\/wp\/v2\/users\/1"}],"replies":[{"embeddable":true,"href":"https:\/\/marion-gruebel.de\/marion-odile\/wp-json\/wp\/v2\/comments?post=692"}],"version-history":[{"count":11,"href":"https:\/\/marion-gruebel.de\/marion-odile\/wp-json\/wp\/v2\/pages\/692\/revisions"}],"predecessor-version":[{"id":1680,"href":"https:\/\/marion-gruebel.de\/marion-odile\/wp-json\/wp\/v2\/pages\/692\/revisions\/1680"}],"up":[{"embeddable":true,"href":"https:\/\/marion-gruebel.de\/marion-odile\/wp-json\/wp\/v2\/pages\/701"}],"wp:attachment":[{"href":"https:\/\/marion-gruebel.de\/marion-odile\/wp-json\/wp\/v2\/media?parent=692"}],"curies":[{"name":"wp","href":"https:\/\/api.w.org\/{rel}","templated":true}]}}